{"id":1451,"date":"2025-03-13T19:21:44","date_gmt":"2025-03-13T18:21:44","guid":{"rendered":"https:\/\/dmarkd.com\/manos_cubanas\/?page_id=1451"},"modified":"2025-03-15T20:03:48","modified_gmt":"2025-03-15T19:03:48","slug":"kati-style","status":"publish","type":"page","link":"https:\/\/dmarkd.com\/manos_cubanas\/kati-style\/","title":{"rendered":"Kati Style"},"content":{"rendered":"\t\t<div data-elementor-type=\"wp-page\" data-elementor-id=\"1451\" class=\"elementor elementor-1451\">\n\t\t\t\t\t\t<header class=\"elementor-section elementor-top-section elementor-element elementor-element-7ac9e85b elementor-section-boxed elementor-section-height-default elementor-section-height-default\" data-id=\"7ac9e85b\" data-element_type=\"section\" data-settings=\"{&quot;background_background&quot;:&quot;classic&quot;,&quot;shape_divider_bottom&quot;:&quot;pyramids&quot;}\">\n\t\t\t\t\t\t\t<div class=\"elementor-background-overlay\"><\/div>\n\t\t\t\t\t\t<div class=\"elementor-shape elementor-shape-bottom\" data-negative=\"false\">\n\t\t\t<svg xmlns=\"http:\/\/www.w3.org\/2000\/svg\" viewBox=\"0 0 1000 100\" preserveAspectRatio=\"none\">\n\t<path class=\"elementor-shape-fill\" d=\"M761.9,44.1L643.1,27.2L333.8,98L0,3.8V0l1000,0v3.9\"\/>\n<\/svg>\t\t<\/div>\n\t\t\t\t\t<div class=\"elementor-container elementor-column-gap-default\">\n\t\t\t\t\t<div class=\"elementor-column elementor-col-100 elementor-top-column elementor-element elementor-element-4640a7c7\" data-id=\"4640a7c7\" data-element_type=\"column\">\n\t\t\t<div class=\"elementor-widget-wrap elementor-element-populated\">\n\t\t\t\t\t\t<div class=\"elementor-element elementor-element-7c72411c elementor-invisible elementor-widget elementor-widget-heading\" data-id=\"7c72411c\" data-element_type=\"widget\" data-settings=\"{&quot;_animation&quot;:&quot;fadeIn&quot;}\" data-widget_type=\"heading.default\">\n\t\t\t\t<div class=\"elementor-widget-container\">\n\t\t\t\t\t<h1 class=\"elementor-heading-title elementor-size-default\">KATI STYLE<\/h1>\t\t\t\t<\/div>\n\t\t\t\t<\/div>\n\t\t\t\t<div class=\"elementor-element elementor-element-43789ec8 elementor-invisible elementor-widget elementor-widget-text-editor\" data-id=\"43789ec8\" data-element_type=\"widget\" data-settings=\"{&quot;_animation&quot;:&quot;fadeIn&quot;}\" data-widget_type=\"text-editor.default\">\n\t\t\t\t<div class=\"elementor-widget-container\">\n\t\t\t\t\t\t\t\t\t<p>Todo lo que necesitas para decorar una fiesta lo tenemos nosotros. Nos basamos en la tem\u00e1tica que escojas, solo sue\u00f1a y cu\u00e9ntanos tu sue\u00f1o para hacerlo realidad.<\/p>\t\t\t\t\t\t\t\t<\/div>\n\t\t\t\t<\/div>\n\t\t\t\t\t<\/div>\n\t\t<\/div>\n\t\t\t\t\t<\/div>\n\t\t<\/header>\n\t\t\t\t<section class=\"elementor-section elementor-top-section elementor-element elementor-element-690833b9 elementor-section-boxed elementor-section-height-default elementor-section-height-default elementor-invisible\" data-id=\"690833b9\" data-element_type=\"section\" data-settings=\"{&quot;background_background&quot;:&quot;classic&quot;,&quot;shape_divider_bottom&quot;:&quot;pyramids&quot;,&quot;animation&quot;:&quot;fadeIn&quot;,&quot;shape_divider_top&quot;:&quot;pyramids&quot;}\">\n\t\t\t\t\t\t\t<div class=\"elementor-background-overlay\"><\/div>\n\t\t\t\t\t\t<div class=\"elementor-shape elementor-shape-top\" data-negative=\"false\">\n\t\t\t<svg xmlns=\"http:\/\/www.w3.org\/2000\/svg\" viewBox=\"0 0 1000 100\" preserveAspectRatio=\"none\">\n\t<path class=\"elementor-shape-fill\" d=\"M761.9,44.1L643.1,27.2L333.8,98L0,3.8V0l1000,0v3.9\"\/>\n<\/svg>\t\t<\/div>\n\t\t\t\t<div class=\"elementor-shape elementor-shape-bottom\" data-negative=\"false\">\n\t\t\t<svg xmlns=\"http:\/\/www.w3.org\/2000\/svg\" viewBox=\"0 0 1000 100\" preserveAspectRatio=\"none\">\n\t<path class=\"elementor-shape-fill\" d=\"M761.9,44.1L643.1,27.2L333.8,98L0,3.8V0l1000,0v3.9\"\/>\n<\/svg>\t\t<\/div>\n\t\t\t\t\t<div class=\"elementor-container elementor-column-gap-default\">\n\t\t\t\t\t<div class=\"elementor-column elementor-col-100 elementor-top-column elementor-element elementor-element-e849499\" data-id=\"e849499\" data-element_type=\"column\">\n\t\t\t<div class=\"elementor-widget-wrap elementor-element-populated\">\n\t\t\t\t\t\t<div class=\"elementor-element elementor-element-554def8f elementor-invisible elementor-widget elementor-widget-heading\" data-id=\"554def8f\" data-element_type=\"widget\" data-settings=\"{&quot;_animation&quot;:&quot;fadeIn&quot;}\" data-widget_type=\"heading.default\">\n\t\t\t\t<div class=\"elementor-widget-container\">\n\t\t\t\t\t<h2 class=\"elementor-heading-title elementor-size-default\">Decoramos:<\/h2>\t\t\t\t<\/div>\n\t\t\t\t<\/div>\n\t\t\t\t<section class=\"elementor-section elementor-inner-section elementor-element elementor-element-2edf5221 elementor-section-boxed elementor-section-height-default elementor-section-height-default\" data-id=\"2edf5221\" data-element_type=\"section\">\n\t\t\t\t\t\t<div class=\"elementor-container elementor-column-gap-default\">\n\t\t\t\t\t<div class=\"elementor-column elementor-col-33 elementor-inner-column elementor-element elementor-element-67c4463f\" data-id=\"67c4463f\" data-element_type=\"column\">\n\t\t\t<div class=\"elementor-widget-wrap elementor-element-populated\">\n\t\t\t\t\t\t<div class=\"elementor-element elementor-element-79f0ee2d elementor-widget elementor-widget-text-editor\" data-id=\"79f0ee2d\" data-element_type=\"widget\" data-widget_type=\"text-editor.default\">\n\t\t\t\t<div class=\"elementor-widget-container\">\n\t\t\t\t\t\t\t\t\t<p>Nuestros servicios.<\/p>\t\t\t\t\t\t\t\t<\/div>\n\t\t\t\t<\/div>\n\t\t\t\t<div class=\"elementor-element elementor-element-50d1e30c title-divider elementor-widget-divider--view-line elementor-widget elementor-widget-divider\" data-id=\"50d1e30c\" data-element_type=\"widget\" data-widget_type=\"divider.default\">\n\t\t\t\t<div class=\"elementor-widget-container\">\n\t\t\t\t\t\t\t<div class=\"elementor-divider\">\n\t\t\t<span class=\"elementor-divider-separator\">\n\t\t\t\t\t\t<\/span>\n\t\t<\/div>\n\t\t\t\t\t\t<\/div>\n\t\t\t\t<\/div>\n\t\t\t\t\t<\/div>\n\t\t<\/div>\n\t\t\t\t<div class=\"elementor-column elementor-col-33 elementor-inner-column elementor-element elementor-element-7aec5a77\" data-id=\"7aec5a77\" data-element_type=\"column\">\n\t\t\t<div class=\"elementor-widget-wrap elementor-element-populated\">\n\t\t\t\t\t\t<div class=\"elementor-element elementor-element-21db3b2f elementor-widget elementor-widget-text-editor\" data-id=\"21db3b2f\" data-element_type=\"widget\" data-widget_type=\"text-editor.default\">\n\t\t\t\t<div class=\"elementor-widget-container\">\n\t\t\t\t\t\t\t\t\t<p>1. Cumplea\u00f1os.<\/p><p>2. Fiestas de 15 a\u00f1os .<\/p><p>3. Bodas.<\/p>\t\t\t\t\t\t\t\t<\/div>\n\t\t\t\t<\/div>\n\t\t\t\t\t<\/div>\n\t\t<\/div>\n\t\t\t\t<div class=\"elementor-column elementor-col-33 elementor-inner-column elementor-element elementor-element-3296e9cb\" data-id=\"3296e9cb\" data-element_type=\"column\">\n\t\t\t<div class=\"elementor-widget-wrap elementor-element-populated\">\n\t\t\t\t\t\t<div class=\"elementor-element elementor-element-5893def7 elementor-widget elementor-widget-text-editor\" data-id=\"5893def7\" data-element_type=\"widget\" data-widget_type=\"text-editor.default\">\n\t\t\t\t<div class=\"elementor-widget-container\">\n\t\t\t\t\t\t\t\t\t<p>4. Aniversario.<\/p><p>5. Veladas rom\u00e1nticas.<\/p><p>6. y m\u00e1s&#8230;<\/p>\t\t\t\t\t\t\t\t<\/div>\n\t\t\t\t<\/div>\n\t\t\t\t\t<\/div>\n\t\t<\/div>\n\t\t\t\t\t<\/div>\n\t\t<\/section>\n\t\t\t\t<div class=\"elementor-element elementor-element-44d760d elementor-arrows-position-inside elementor-widget elementor-widget-image-carousel\" data-id=\"44d760d\" data-element_type=\"widget\" data-settings=\"{&quot;slides_to_show&quot;:&quot;1&quot;,&quot;navigation&quot;:&quot;arrows&quot;,&quot;lazyload&quot;:&quot;yes&quot;,&quot;speed&quot;:800,&quot;autoplay&quot;:&quot;yes&quot;,&quot;pause_on_hover&quot;:&quot;yes&quot;,&quot;pause_on_interaction&quot;:&quot;yes&quot;,&quot;autoplay_speed&quot;:5000,&quot;infinite&quot;:&quot;yes&quot;,&quot;effect&quot;:&quot;slide&quot;}\" data-widget_type=\"image-carousel.default\">\n\t\t\t\t<div class=\"elementor-widget-container\">\n\t\t\t\t\t\t\t<div class=\"elementor-image-carousel-wrapper swiper\" role=\"region\" aria-roledescription=\"carousel\" aria-label=\"Carrusel de im\u00e1genes\" dir=\"ltr\">\n\t\t\t<div class=\"elementor-image-carousel swiper-wrapper\" aria-live=\"off\">\n\t\t\t\t\t\t\t\t<div class=\"swiper-slide\" role=\"group\" aria-roledescription=\"slide\" aria-label=\"1 de 8\"><a data-elementor-open-lightbox=\"yes\" data-elementor-lightbox-slideshow=\"44d760d\" data-elementor-lightbox-title=\"Manos_Cuabanas_73\" data-e-action-hash=\"#elementor-action%3Aaction%3Dlightbox%26settings%3DeyJpZCI6MTUyOCwidXJsIjoiaHR0cHM6XC9cL2RtYXJrZC5jb21cL21hbm9zX2N1YmFuYXNcL3dwLWNvbnRlbnRcL3VwbG9hZHNcLzIwMjVcLzAzXC9NYW5vc19DdWFiYW5hc183My5qcGciLCJzbGlkZXNob3ciOiI0NGQ3NjBkIn0%3D\" href=\"https:\/\/dmarkd.com\/manos_cubanas\/wp-content\/uploads\/2025\/03\/Manos_Cuabanas_73.jpg\"><figure class=\"swiper-slide-inner\"><img class=\"swiper-slide-image swiper-lazy\" data-src=\"https:\/\/dmarkd.com\/manos_cubanas\/wp-content\/uploads\/2025\/03\/Manos_Cuabanas_73-1152x1536.jpg\" alt=\"Manos_Cuabanas_73\" \/><div class=\"swiper-lazy-preloader\"><\/div><\/figure><\/a><\/div><div class=\"swiper-slide\" role=\"group\" aria-roledescription=\"slide\" aria-label=\"2 de 8\"><a data-elementor-open-lightbox=\"yes\" data-elementor-lightbox-slideshow=\"44d760d\" data-elementor-lightbox-title=\"Manos_Cuabanas_74\" data-e-action-hash=\"#elementor-action%3Aaction%3Dlightbox%26settings%3DeyJpZCI6MTUzMCwidXJsIjoiaHR0cHM6XC9cL2RtYXJrZC5jb21cL21hbm9zX2N1YmFuYXNcL3dwLWNvbnRlbnRcL3VwbG9hZHNcLzIwMjVcLzAzXC9NYW5vc19DdWFiYW5hc183NC5qcGciLCJzbGlkZXNob3ciOiI0NGQ3NjBkIn0%3D\" href=\"https:\/\/dmarkd.com\/manos_cubanas\/wp-content\/uploads\/2025\/03\/Manos_Cuabanas_74.jpg\"><figure class=\"swiper-slide-inner\"><img class=\"swiper-slide-image swiper-lazy\" data-src=\"https:\/\/dmarkd.com\/manos_cubanas\/wp-content\/uploads\/2025\/03\/Manos_Cuabanas_74.jpg\" alt=\"Manos_Cuabanas_74\" \/><div class=\"swiper-lazy-preloader\"><\/div><\/figure><\/a><\/div><div class=\"swiper-slide\" role=\"group\" aria-roledescription=\"slide\" aria-label=\"3 de 8\"><a data-elementor-open-lightbox=\"yes\" data-elementor-lightbox-slideshow=\"44d760d\" data-elementor-lightbox-title=\"Manos_Cuabanas_75\" data-e-action-hash=\"#elementor-action%3Aaction%3Dlightbox%26settings%3DeyJpZCI6MTUzMSwidXJsIjoiaHR0cHM6XC9cL2RtYXJrZC5jb21cL21hbm9zX2N1YmFuYXNcL3dwLWNvbnRlbnRcL3VwbG9hZHNcLzIwMjVcLzAzXC9NYW5vc19DdWFiYW5hc183NS5qcGciLCJzbGlkZXNob3ciOiI0NGQ3NjBkIn0%3D\" href=\"https:\/\/dmarkd.com\/manos_cubanas\/wp-content\/uploads\/2025\/03\/Manos_Cuabanas_75.jpg\"><figure class=\"swiper-slide-inner\"><img class=\"swiper-slide-image swiper-lazy\" data-src=\"https:\/\/dmarkd.com\/manos_cubanas\/wp-content\/uploads\/2025\/03\/Manos_Cuabanas_75-1152x1536.jpg\" alt=\"Manos_Cuabanas_75\" \/><div class=\"swiper-lazy-preloader\"><\/div><\/figure><\/a><\/div><div class=\"swiper-slide\" role=\"group\" aria-roledescription=\"slide\" aria-label=\"4 de 8\"><a data-elementor-open-lightbox=\"yes\" data-elementor-lightbox-slideshow=\"44d760d\" data-elementor-lightbox-title=\"Manos_Cuabanas_76\" data-e-action-hash=\"#elementor-action%3Aaction%3Dlightbox%26settings%3DeyJpZCI6MTUzMywidXJsIjoiaHR0cHM6XC9cL2RtYXJrZC5jb21cL21hbm9zX2N1YmFuYXNcL3dwLWNvbnRlbnRcL3VwbG9hZHNcLzIwMjVcLzAzXC9NYW5vc19DdWFiYW5hc183Ni5qcGciLCJzbGlkZXNob3ciOiI0NGQ3NjBkIn0%3D\" href=\"https:\/\/dmarkd.com\/manos_cubanas\/wp-content\/uploads\/2025\/03\/Manos_Cuabanas_76.jpg\"><figure class=\"swiper-slide-inner\"><img class=\"swiper-slide-image swiper-lazy\" data-src=\"https:\/\/dmarkd.com\/manos_cubanas\/wp-content\/uploads\/2025\/03\/Manos_Cuabanas_76-1152x1536.jpg\" alt=\"Manos_Cuabanas_76\" \/><div class=\"swiper-lazy-preloader\"><\/div><\/figure><\/a><\/div><div class=\"swiper-slide\" role=\"group\" aria-roledescription=\"slide\" aria-label=\"5 de 8\"><a data-elementor-open-lightbox=\"yes\" data-elementor-lightbox-slideshow=\"44d760d\" data-elementor-lightbox-title=\"Manos_Cuabanas_77\" data-e-action-hash=\"#elementor-action%3Aaction%3Dlightbox%26settings%3DeyJpZCI6MTUzNSwidXJsIjoiaHR0cHM6XC9cL2RtYXJrZC5jb21cL21hbm9zX2N1YmFuYXNcL3dwLWNvbnRlbnRcL3VwbG9hZHNcLzIwMjVcLzAzXC9NYW5vc19DdWFiYW5hc183Ny5qcGciLCJzbGlkZXNob3ciOiI0NGQ3NjBkIn0%3D\" href=\"https:\/\/dmarkd.com\/manos_cubanas\/wp-content\/uploads\/2025\/03\/Manos_Cuabanas_77.jpg\"><figure class=\"swiper-slide-inner\"><img class=\"swiper-slide-image swiper-lazy\" data-src=\"https:\/\/dmarkd.com\/manos_cubanas\/wp-content\/uploads\/2025\/03\/Manos_Cuabanas_77.jpg\" alt=\"Manos_Cuabanas_77\" \/><div class=\"swiper-lazy-preloader\"><\/div><\/figure><\/a><\/div><div class=\"swiper-slide\" role=\"group\" aria-roledescription=\"slide\" aria-label=\"6 de 8\"><a data-elementor-open-lightbox=\"yes\" data-elementor-lightbox-slideshow=\"44d760d\" data-elementor-lightbox-title=\"Manos_Cuabanas_78\" data-e-action-hash=\"#elementor-action%3Aaction%3Dlightbox%26settings%3DeyJpZCI6MTUzNiwidXJsIjoiaHR0cHM6XC9cL2RtYXJrZC5jb21cL21hbm9zX2N1YmFuYXNcL3dwLWNvbnRlbnRcL3VwbG9hZHNcLzIwMjVcLzAzXC9NYW5vc19DdWFiYW5hc183OC5qcGciLCJzbGlkZXNob3ciOiI0NGQ3NjBkIn0%3D\" href=\"https:\/\/dmarkd.com\/manos_cubanas\/wp-content\/uploads\/2025\/03\/Manos_Cuabanas_78.jpg\"><figure class=\"swiper-slide-inner\"><img class=\"swiper-slide-image swiper-lazy\" data-src=\"https:\/\/dmarkd.com\/manos_cubanas\/wp-content\/uploads\/2025\/03\/Manos_Cuabanas_78.jpg\" alt=\"Manos_Cuabanas_78\" \/><div class=\"swiper-lazy-preloader\"><\/div><\/figure><\/a><\/div><div class=\"swiper-slide\" role=\"group\" aria-roledescription=\"slide\" aria-label=\"7 de 8\"><a data-elementor-open-lightbox=\"yes\" data-elementor-lightbox-slideshow=\"44d760d\" data-elementor-lightbox-title=\"Manos_Cuabanas_79\" data-e-action-hash=\"#elementor-action%3Aaction%3Dlightbox%26settings%3DeyJpZCI6MTUzOCwidXJsIjoiaHR0cHM6XC9cL2RtYXJrZC5jb21cL21hbm9zX2N1YmFuYXNcL3dwLWNvbnRlbnRcL3VwbG9hZHNcLzIwMjVcLzAzXC9NYW5vc19DdWFiYW5hc183OS5qcGciLCJzbGlkZXNob3ciOiI0NGQ3NjBkIn0%3D\" href=\"https:\/\/dmarkd.com\/manos_cubanas\/wp-content\/uploads\/2025\/03\/Manos_Cuabanas_79.jpg\"><figure class=\"swiper-slide-inner\"><img class=\"swiper-slide-image swiper-lazy\" data-src=\"https:\/\/dmarkd.com\/manos_cubanas\/wp-content\/uploads\/2025\/03\/Manos_Cuabanas_79.jpg\" alt=\"Manos_Cuabanas_79\" \/><div class=\"swiper-lazy-preloader\"><\/div><\/figure><\/a><\/div><div class=\"swiper-slide\" role=\"group\" aria-roledescription=\"slide\" aria-label=\"8 de 8\"><a data-elementor-open-lightbox=\"yes\" data-elementor-lightbox-slideshow=\"44d760d\" data-elementor-lightbox-title=\"Manos_Cuabanas_80\" data-e-action-hash=\"#elementor-action%3Aaction%3Dlightbox%26settings%3DeyJpZCI6MTUzOSwidXJsIjoiaHR0cHM6XC9cL2RtYXJrZC5jb21cL21hbm9zX2N1YmFuYXNcL3dwLWNvbnRlbnRcL3VwbG9hZHNcLzIwMjVcLzAzXC9NYW5vc19DdWFiYW5hc184MC5qcGciLCJzbGlkZXNob3ciOiI0NGQ3NjBkIn0%3D\" href=\"https:\/\/dmarkd.com\/manos_cubanas\/wp-content\/uploads\/2025\/03\/Manos_Cuabanas_80.jpg\"><figure class=\"swiper-slide-inner\"><img class=\"swiper-slide-image swiper-lazy\" data-src=\"https:\/\/dmarkd.com\/manos_cubanas\/wp-content\/uploads\/2025\/03\/Manos_Cuabanas_80.jpg\" alt=\"Manos_Cuabanas_80\" \/><div class=\"swiper-lazy-preloader\"><\/div><\/figure><\/a><\/div>\t\t\t<\/div>\n\t\t\t\t\t\t\t\t\t\t\t\t<div class=\"elementor-swiper-button elementor-swiper-button-prev\" role=\"button\" tabindex=\"0\">\n\t\t\t\t\t\t<svg aria-hidden=\"true\" class=\"e-font-icon-svg e-eicon-chevron-left\" viewBox=\"0 0 1000 1000\" xmlns=\"http:\/\/www.w3.org\/2000\/svg\"><path d=\"M646 125C629 125 613 133 604 142L308 442C296 454 292 471 292 487 292 504 296 521 308 533L604 854C617 867 629 875 646 875 663 875 679 871 692 858 704 846 713 829 713 812 713 796 708 779 692 767L438 487 692 225C700 217 708 204 708 187 708 171 704 154 692 142 675 129 663 125 646 125Z\"><\/path><\/svg>\t\t\t\t\t<\/div>\n\t\t\t\t\t<div class=\"elementor-swiper-button elementor-swiper-button-next\" role=\"button\" tabindex=\"0\">\n\t\t\t\t\t\t<svg aria-hidden=\"true\" class=\"e-font-icon-svg e-eicon-chevron-right\" viewBox=\"0 0 1000 1000\" xmlns=\"http:\/\/www.w3.org\/2000\/svg\"><path d=\"M696 533C708 521 713 504 713 487 713 471 708 454 696 446L400 146C388 133 375 125 354 125 338 125 325 129 313 142 300 154 292 171 292 187 292 204 296 221 308 233L563 492 304 771C292 783 288 800 288 817 288 833 296 850 308 863 321 871 338 875 354 875 371 875 388 867 400 854L696 533Z\"><\/path><\/svg>\t\t\t\t\t<\/div>\n\t\t\t\t\n\t\t\t\t\t\t\t\t\t<\/div>\n\t\t\t\t\t\t<\/div>\n\t\t\t\t<\/div>\n\t\t\t\t\t<\/div>\n\t\t<\/div>\n\t\t\t\t\t<\/div>\n\t\t<\/section>\n\t\t\t\t<section class=\"elementor-section elementor-top-section elementor-element elementor-element-3dab41eb elementor-section-height-min-height elementor-section-boxed elementor-section-height-default elementor-section-items-middle\" data-id=\"3dab41eb\" data-element_type=\"section\" data-settings=\"{&quot;background_background&quot;:&quot;classic&quot;,&quot;shape_divider_top&quot;:&quot;pyramids&quot;}\">\n\t\t\t\t\t\t\t<div class=\"elementor-background-overlay\"><\/div>\n\t\t\t\t\t\t<div class=\"elementor-shape elementor-shape-top\" data-negative=\"false\">\n\t\t\t<svg xmlns=\"http:\/\/www.w3.org\/2000\/svg\" viewBox=\"0 0 1000 100\" preserveAspectRatio=\"none\">\n\t<path class=\"elementor-shape-fill\" d=\"M761.9,44.1L643.1,27.2L333.8,98L0,3.8V0l1000,0v3.9\"\/>\n<\/svg>\t\t<\/div>\n\t\t\t\t\t<div class=\"elementor-container elementor-column-gap-default\">\n\t\t\t\t\t<div class=\"elementor-column elementor-col-50 elementor-top-column elementor-element elementor-element-320e624\" data-id=\"320e624\" data-element_type=\"column\">\n\t\t\t<div class=\"elementor-widget-wrap elementor-element-populated\">\n\t\t\t\t\t\t<div class=\"elementor-element elementor-element-5ebc5fa elementor-widget elementor-widget-image\" data-id=\"5ebc5fa\" data-element_type=\"widget\" data-widget_type=\"image.default\">\n\t\t\t\t<div class=\"elementor-widget-container\">\n\t\t\t\t\t\t\t\t\t\t\t\t\t\t\t<img fetchpriority=\"high\" decoding=\"async\" width=\"300\" height=\"300\" src=\"https:\/\/dmarkd.com\/manos_cubanas\/wp-content\/uploads\/2025\/03\/Logo-Sencillo-Neon-para-Bar-300x300.png\" class=\"attachment-medium size-medium wp-image-1483\" alt=\"\" srcset=\"https:\/\/dmarkd.com\/manos_cubanas\/wp-content\/uploads\/2025\/03\/Logo-Sencillo-Neon-para-Bar-300x300.png 300w, https:\/\/dmarkd.com\/manos_cubanas\/wp-content\/uploads\/2025\/03\/Logo-Sencillo-Neon-para-Bar-150x150.png 150w, https:\/\/dmarkd.com\/manos_cubanas\/wp-content\/uploads\/2025\/03\/Logo-Sencillo-Neon-para-Bar-230x230.png 230w, https:\/\/dmarkd.com\/manos_cubanas\/wp-content\/uploads\/2025\/03\/Logo-Sencillo-Neon-para-Bar-350x350.png 350w, https:\/\/dmarkd.com\/manos_cubanas\/wp-content\/uploads\/2025\/03\/Logo-Sencillo-Neon-para-Bar-480x480.png 480w, https:\/\/dmarkd.com\/manos_cubanas\/wp-content\/uploads\/2025\/03\/Logo-Sencillo-Neon-para-Bar.png 500w\" sizes=\"(max-width: 300px) 100vw, 300px\" \/>\t\t\t\t\t\t\t\t\t\t\t\t\t\t\t<\/div>\n\t\t\t\t<\/div>\n\t\t\t\t\t<\/div>\n\t\t<\/div>\n\t\t\t\t<div class=\"elementor-column elementor-col-50 elementor-top-column elementor-element elementor-element-cb22612\" data-id=\"cb22612\" data-element_type=\"column\">\n\t\t\t<div class=\"elementor-widget-wrap elementor-element-populated\">\n\t\t\t\t\t\t<div class=\"elementor-element elementor-element-02e50a1 elementor-widget elementor-widget-heading\" data-id=\"02e50a1\" data-element_type=\"widget\" data-widget_type=\"heading.default\">\n\t\t\t\t<div class=\"elementor-widget-container\">\n\t\t\t\t\t<h2 class=\"elementor-heading-title elementor-size-default\">No dudes en contactarnos, expl\u00edcanos lo que deseas y te hacemos un presupuesto gratis.<\/h2>\t\t\t\t<\/div>\n\t\t\t\t<\/div>\n\t\t\t\t<div class=\"elementor-element elementor-element-59108ff elementor-shape-rounded elementor-grid-0 e-grid-align-center elementor-widget elementor-widget-social-icons\" data-id=\"59108ff\" data-element_type=\"widget\" data-widget_type=\"social-icons.default\">\n\t\t\t\t<div class=\"elementor-widget-container\">\n\t\t\t\t\t\t\t<div class=\"elementor-social-icons-wrapper elementor-grid\">\n\t\t\t\t\t\t\t<span class=\"elementor-grid-item\">\n\t\t\t\t\t<a class=\"elementor-icon elementor-social-icon elementor-social-icon-whatsapp elementor-repeater-item-daf3648\" href=\"http:\/\/+59899003309\" target=\"_blank\">\n\t\t\t\t\t\t<span class=\"elementor-screen-only\">Whatsapp<\/span>\n\t\t\t\t\t\t<svg class=\"e-font-icon-svg e-fab-whatsapp\" viewBox=\"0 0 448 512\" xmlns=\"http:\/\/www.w3.org\/2000\/svg\"><path d=\"M380.9 97.1C339 55.1 283.2 32 223.9 32c-122.4 0-222 99.6-222 222 0 39.1 10.2 77.3 29.6 111L0 480l117.7-30.9c32.4 17.7 68.9 27 106.1 27h.1c122.3 0 224.1-99.6 224.1-222 0-59.3-25.2-115-67.1-157zm-157 341.6c-33.2 0-65.7-8.9-94-25.7l-6.7-4-69.8 18.3L72 359.2l-4.4-7c-18.5-29.4-28.2-63.3-28.2-98.2 0-101.7 82.8-184.5 184.6-184.5 49.3 0 95.6 19.2 130.4 54.1 34.8 34.9 56.2 81.2 56.1 130.5 0 101.8-84.9 184.6-186.6 184.6zm101.2-138.2c-5.5-2.8-32.8-16.2-37.9-18-5.1-1.9-8.8-2.8-12.5 2.8-3.7 5.6-14.3 18-17.6 21.8-3.2 3.7-6.5 4.2-12 1.4-32.6-16.3-54-29.1-75.5-66-5.7-9.8 5.7-9.1 16.3-30.3 1.8-3.7.9-6.9-.5-9.7-1.4-2.8-12.5-30.1-17.1-41.2-4.5-10.8-9.1-9.3-12.5-9.5-3.2-.2-6.9-.2-10.6-.2-3.7 0-9.7 1.4-14.8 6.9-5.1 5.6-19.4 19-19.4 46.3 0 27.3 19.9 53.7 22.6 57.4 2.8 3.7 39.1 59.7 94.8 83.8 35.2 15.2 49 16.5 66.6 13.9 10.7-1.6 32.8-13.4 37.4-26.4 4.6-13 4.6-24.1 3.2-26.4-1.3-2.5-5-3.9-10.5-6.6z\"><\/path><\/svg>\t\t\t\t\t<\/a>\n\t\t\t\t<\/span>\n\t\t\t\t\t<\/div>\n\t\t\t\t\t\t<\/div>\n\t\t\t\t<\/div>\n\t\t\t\t\t<\/div>\n\t\t<\/div>\n\t\t\t\t\t<\/div>\n\t\t<\/section>\n\t\t\t\t<\/div>\n\t\t","protected":false},"excerpt":{"rendered":"<p>KATI STYLE Todo lo que necesitas para decorar una fiesta lo tenemos nosotros. Nos basamos en la tem\u00e1tica que escojas, solo sue\u00f1a [&hellip;]<\/p>\n","protected":false},"author":1,"featured_media":0,"parent":0,"menu_order":0,"comment_status":"closed","ping_status":"closed","template":"elementor_header_footer","meta":{"footnotes":""},"class_list":["post-1451","page","type-page","status-publish","hentry"],"_links":{"self":[{"href":"https:\/\/dmarkd.com\/manos_cubanas\/wp-json\/wp\/v2\/pages\/1451","targetHints":{"allow":["GET"]}}],"collection":[{"href":"https:\/\/dmarkd.com\/manos_cubanas\/wp-json\/wp\/v2\/pages"}],"about":[{"href":"https:\/\/dmarkd.com\/manos_cubanas\/wp-json\/wp\/v2\/types\/page"}],"author":[{"embeddable":true,"href":"https:\/\/dmarkd.com\/manos_cubanas\/wp-json\/wp\/v2\/users\/1"}],"replies":[{"embeddable":true,"href":"https:\/\/dmarkd.com\/manos_cubanas\/wp-json\/wp\/v2\/comments?post=1451"}],"version-history":[{"count":13,"href":"https:\/\/dmarkd.com\/manos_cubanas\/wp-json\/wp\/v2\/pages\/1451\/revisions"}],"predecessor-version":[{"id":1825,"href":"https:\/\/dmarkd.com\/manos_cubanas\/wp-json\/wp\/v2\/pages\/1451\/revisions\/1825"}],"wp:attachment":[{"href":"https:\/\/dmarkd.com\/manos_cubanas\/wp-json\/wp\/v2\/media?parent=1451"}],"curies":[{"name":"wp","href":"https:\/\/api.w.org\/{rel}","templated":true}]}}