{"id":1587,"date":"2025-03-13T23:14:03","date_gmt":"2025-03-13T22:14:03","guid":{"rendered":"https:\/\/dmarkd.com\/manos_cubanas\/?page_id=1587"},"modified":"2025-03-15T01:02:22","modified_gmt":"2025-03-15T00:02:22","slug":"apostilla_legalizacion","status":"publish","type":"page","link":"https:\/\/dmarkd.com\/manos_cubanas\/apostilla_legalizacion\/","title":{"rendered":"Apostilla y\/o legalizaci\u00f3n de documentos p\u00fablicos uruguayos o extranjeros"},"content":{"rendered":"\t\t<div data-elementor-type=\"wp-page\" data-elementor-id=\"1587\" class=\"elementor elementor-1587\">\n\t\t\t\t<div class=\"elementor-element elementor-element-d91e73d e-flex e-con-boxed e-con e-parent\" data-id=\"d91e73d\" data-element_type=\"container\">\n\t\t\t\t\t<div class=\"e-con-inner\">\n\t\t\t\t<div class=\"elementor-element elementor-element-1a22605 elementor-widget elementor-widget-text-editor\" data-id=\"1a22605\" data-element_type=\"widget\" data-widget_type=\"text-editor.default\">\n\t\t\t\t<div class=\"elementor-widget-container\">\n\t\t\t\t\t\t\t\t\t<p>Dependiendo del pa\u00eds en el que se deba presentar la documentaci\u00f3n se deber\u00e1\u00a0<strong>Apostillar o\u00a0Legalizar<\/strong>.<\/p><p>La\u00a0<strong>apostilla\u00a0<\/strong>es la autenticaci\u00f3n de la firma que figura en documentos emitidos o intervenidos por organismos p\u00fablicos uruguayos para que puedan ser presentados en el exterior.<\/p><p>La\u00a0<strong>legalizaci\u00f3n<\/strong>\u00a0es la autenticaci\u00f3n de la firma del Agente Consular de la Rep\u00fablica Oriental del Uruguay que legaliz\u00f3 el documento en el pa\u00eds de procedencia para que este tenga validez en Uruguay, as\u00ed como la validaci\u00f3n de documentos p\u00fablicos uruguayos para ser presentados en pa\u00edses que no han ratificado el Convenio sobre la Apostilla.<\/p><h3 class=\"u-mt1 u-mb3 u-h4\">Requisitos<\/h3><div><p><strong>Documentaci\u00f3n a apostillar:\u00a0<\/strong><\/p><ul><li>Documento original expedido por autoridades uruguayas, sin alteraciones ni roturas y con la firma registrada.<\/li><li>En caso de documentos otorgados por Escribanos, por oficinas del Poder Judicial y (traducciones) de Traductores P\u00fablicos, deber\u00e1n\u00a0previamente ser legalizadas por la Suprema Corte de Justicia. Ver:\u00a0<a href=\"https:\/\/igrn.poderjudicial.gub.uy\/igrndmz\/servlet\/igrndmz.publico.consultatramite\" rel=\"nofollow\">Poder Judicial &#8211; Inspecci\u00f3n General de Registros Notariales<\/a>.<\/li><li>Los documentos de estudio\u00a0deber\u00e1n\u00a0ser previamente legalizados ante el Ministerio de Educaci\u00f3n y Cultura. Ver:\u00a0<a href=\"https:\/\/www.gub.uy\/tramites\/legalizacion-titulos-documentos-estudiantiles-firmados-autoridades-nacionales\" rel=\"nofollow\">Legalizaci\u00f3n de t\u00edtulos y documentos estudiantiles firmados por autoridades nacionales<\/a>.<\/li><li>Los certificados de vacunaci\u00f3n, documentos de oficinas del Ministerio de Salud P\u00fablica y otros documentos firmados por profesionales de la salud deben ser previamente legalizados en el Departamento de Habilitaci\u00f3n y Control de Profesionales de la Salud. Ver:\u00a0<a href=\"https:\/\/www.gub.uy\/tramites\/constancia-legalizacion-documentos-firmados-profesionales-salud-registrados-habilitados-msp\" rel=\"nofollow\">Constancia para legalizaci\u00f3n de documentos firmados por profesionales de la salud registrados y habilitados por el MSP<\/a><\/li><li>Documentos emitidos por BPS deben contener firma ol\u00f3grafa de funcionario registrado en el Ministerio de Relaciones Exteriores.<\/li><li>Documentos emitidos por Obispados del interior o Iglesias deben ser previamente legalizados por el Arzobispado de Montevideo. Ver:\u00a0<strong><a href=\"http:\/\/icm.org.uy\/contacto\/\" rel=\"nofollow\">Arzobispado de Montevideo &#8211; Contacto<\/a><\/strong><\/li><li>Los tr\u00e1mites de apostilla o legalizaci\u00f3n de Certificados de Antecedentes Judiciales (CAJ) podr\u00e1n ser iniciados adjuntando \u00fanicamente el ticket otorgado por la Direcci\u00f3n Nacional de Polic\u00eda Cient\u00edfica o la Jefatura de su Departamento.\u00a0En caso de concurrir un tercero deber\u00e1 completar el siguiente\u00a0<a href=\"https:\/\/www.gub.uy\/tramites\/sites\/catalogo-tramites\/files\/2024-04\/Autorizacion%20Certificado%20de%20Antecedentes.pdf\" rel=\"nofollow\"><strong>formulario de retiro CAJ.<\/strong><\/a><\/li><\/ul><p><strong>Documentaci\u00f3n a legalizar:\u00a0<\/strong><\/p><ul><li>En el caso de legalizaciones de documentos que provengan del exterior deber\u00e1n presentarse los\u00a0originales, sin alteraciones ni roturas, con la intervenci\u00f3n del Consulado uruguayo correspondiente.<\/li><\/ul><h4>Costos<\/h4><p>Los costos siempre se abonan en pesos uruguayos, a trav\u00e9s del pago en l\u00ednea o Abitab.\u00a0<\/p><p>Costos actualizados para el a\u00f1o 2025:<\/p><ul><li>Apostilla: $747\u00a0(pesos uruguayos setecientos cuarenta y siete).<\/li><li>Legalizaci\u00f3n: $364\u00a0(pesos uruguayos trescientos sesenta y cuatro).<\/li><\/ul><h4>Tr\u00e1mite en l\u00ednea<\/h4><p><span style=\"text-decoration: underline;\">https:\/\/mi.iduruguay.gub.uy\/login?process_state=D7rpUdF_WO8pkwgrF8L2Glg2hiuxdspSXlN4i3Q7Vww<\/span><\/p><\/div>\t\t\t\t\t\t\t\t<\/div>\n\t\t\t\t<\/div>\n\t\t\t\t\t<\/div>\n\t\t\t\t<\/div>\n\t\t\t\t<\/div>\n\t\t","protected":false},"excerpt":{"rendered":"<p>Dependiendo del pa\u00eds en el que se deba presentar la documentaci\u00f3n se deber\u00e1\u00a0Apostillar o\u00a0Legalizar. La\u00a0apostilla\u00a0es la autenticaci\u00f3n de la firma que figura [&hellip;]<\/p>\n","protected":false},"author":1,"featured_media":0,"parent":0,"menu_order":0,"comment_status":"closed","ping_status":"closed","template":"elementor_header_footer","meta":{"footnotes":""},"class_list":["post-1587","page","type-page","status-publish","hentry"],"_links":{"self":[{"href":"https:\/\/dmarkd.com\/manos_cubanas\/wp-json\/wp\/v2\/pages\/1587","targetHints":{"allow":["GET"]}}],"collection":[{"href":"https:\/\/dmarkd.com\/manos_cubanas\/wp-json\/wp\/v2\/pages"}],"about":[{"href":"https:\/\/dmarkd.com\/manos_cubanas\/wp-json\/wp\/v2\/types\/page"}],"author":[{"embeddable":true,"href":"https:\/\/dmarkd.com\/manos_cubanas\/wp-json\/wp\/v2\/users\/1"}],"replies":[{"embeddable":true,"href":"https:\/\/dmarkd.com\/manos_cubanas\/wp-json\/wp\/v2\/comments?post=1587"}],"version-history":[{"count":7,"href":"https:\/\/dmarkd.com\/manos_cubanas\/wp-json\/wp\/v2\/pages\/1587\/revisions"}],"predecessor-version":[{"id":1723,"href":"https:\/\/dmarkd.com\/manos_cubanas\/wp-json\/wp\/v2\/pages\/1587\/revisions\/1723"}],"wp:attachment":[{"href":"https:\/\/dmarkd.com\/manos_cubanas\/wp-json\/wp\/v2\/media?parent=1587"}],"curies":[{"name":"wp","href":"https:\/\/api.w.org\/{rel}","templated":true}]}}