{"id":1599,"date":"2025-03-13T23:22:03","date_gmt":"2025-03-13T22:22:03","guid":{"rendered":"https:\/\/dmarkd.com\/manos_cubanas\/?page_id=1599"},"modified":"2025-03-13T23:23:15","modified_gmt":"2025-03-13T22:23:15","slug":"inscripcion_partidas","status":"publish","type":"page","link":"https:\/\/dmarkd.com\/manos_cubanas\/inscripcion_partidas\/","title":{"rendered":"Inscripci\u00f3n de partidas extranjeras"},"content":{"rendered":"\t\t<div data-elementor-type=\"wp-page\" data-elementor-id=\"1599\" class=\"elementor elementor-1599\">\n\t\t\t\t<div class=\"elementor-element elementor-element-d91e73d e-flex e-con-boxed e-con e-parent\" data-id=\"d91e73d\" data-element_type=\"container\">\n\t\t\t\t\t<div class=\"e-con-inner\">\n\t\t\t\t<div class=\"elementor-element elementor-element-1a22605 elementor-widget elementor-widget-text-editor\" data-id=\"1a22605\" data-element_type=\"widget\" data-widget_type=\"text-editor.default\">\n\t\t\t\t<div class=\"elementor-widget-container\">\n\t\t\t\t\t\t\t\t\t<p>Este tr\u00e1mite comprende la inscripci\u00f3n en la Direcci\u00f3n Nacional\u00a0 de Registro Civil, de partidas o certificados de los siguientes hechos y actos civiles ocurridos en el extranjero:<\/p><ul><li>Partidas o certificados de nacimientos.<\/li><li>Partidas o certificados de defunci\u00f3n.<\/li><li>Partidas o certificados de matrimonio.<\/li><li>Partidas de reconocimiento.<\/li><li>Sentencias de adopci\u00f3n.<\/li><li>Sentencias de divorcio.<\/li><\/ul><h3 class=\"u-mt1 u-mb3 u-h4\">Requisitos<\/h3><div><p><strong>Este tr\u00e1mite comienza reservando d\u00eda y hora en la agenda electr\u00f3nica, y contin\u00faa presencial concurriendo a la cita con la documentaci\u00f3n que se detalla, el cual le solicitamos lea con atenci\u00f3n.<\/strong><\/p><p><strong>Deber\u00e1 presentarse a su cita, con la siguiente documentaci\u00f3n:<\/strong><\/p><ul><li><strong>Documento original.<\/strong><\/li><li><strong>Fotocopia del documento original.<\/strong><\/li><li><strong>Formulario de Inscripci\u00f3n completo, el cual podr\u00e1 descargar debajo, en Enlaces de descarga.<\/strong><\/li><\/ul><p>\u00a0<\/p><p><strong>ATENCI\u00d3N: Los n\u00fameros de agenda ser\u00e1n exclusivamente para ingresar un \u00fanico tr\u00e1mite. En caso de que el interesado necesite ingresar m\u00e1s de una partida, deber\u00e1 agendarse tantas veces como partidas deba inscribir.<\/strong><\/p><ul><li>Todos los documentos a presentar deben ser originales y del pa\u00eds donde ocurri\u00f3 el hecho o acto a inscribir. Presentar original y fotocopia.<\/li><li>Pueden ingresar el documento original con un testimonio por exhibici\u00f3n realizado por escribano o notario p\u00fablico en Uruguay, el que una vez calificado por los profesionales del registro civil, permitir\u00e1 devolver el original al usuario.<\/li><li>Los documentos deben venir apostillados o legalizados en el pa\u00eds de origen.<\/li><li>Cuando el documento sea redactado en otro idioma, deber\u00e1 ser traducido por traductor p\u00fablico uruguayo o por el Consulado del Uruguay en el pa\u00eds de origen del documento.<\/li><li>Cuando las partidas sean internacionales (vienen redactadas en varios idiomas), si contienen caracteres no latinos deber\u00e1n ser traducidas por traductor p\u00fablico uruguayo.<\/li><li>Si el documento viene traducido del pa\u00eds de origen, se deber\u00e1 realizar un certificado de concordancia con un traductor p\u00fablico uruguayo.<\/li><li>Cuando el documento resulte ilegible, el Departamento Notarial podr\u00e1 exigir un certificado donde consten los datos de la partida, realizado por el consulado del pa\u00eds del documento en Uruguay.<\/li><li>Cuando no es el titular quien realiza la gesti\u00f3n debe contar con la autorizaci\u00f3n del mismo. Para ello el titular deber\u00e1 completar y firmar el campo 3 del formulario de solicitud del tr\u00e1mite, autorizando a quien haga la gesti\u00f3n, aclarando todos los datos y adjuntando fotocopia del documento de ambos. El titular podr\u00e1 firmar el formulario y enviarlo digitalizado a la persona autorizada.<\/li><\/ul><p>\u00a0<\/p><p><strong>Sentencias Extranjeras:<\/strong><\/p><ul><li>Sentencia apostillada o legalizada en caso de que el pa\u00eds no sea parte del Convenio de La Haya (apostilla).<\/li><li>Cuando la sentencia sea en otro idioma, deber\u00e1 ser traducida por traductor p\u00fablico uruguayo.<\/li><li>Autorizaci\u00f3n para gestionar la solicitud si no es el titular (Campo 3 del formulario de inscripci\u00f3n) con fotocopia de C\u00e9dula de Identidad del titular y del autorizado.<\/li><\/ul><h4>Costos<\/h4><ul><li><strong>1.288<\/strong>\u00a0$<\/li><\/ul><p>Pesos uruguayos\u00a0 mil doscientos ochenta y ocho<\/p><\/div><h4>Costos<\/h4><p>Tr\u00e1mite en linea<\/p><p><span style=\"text-decoration: underline;\">https:\/\/sae.mec.gub.uy\/sae\/agendarReserva\/Paso1.xhtml?e=9&amp;a=7&amp;r=13<\/span><\/p>\t\t\t\t\t\t\t\t<\/div>\n\t\t\t\t<\/div>\n\t\t\t\t\t<\/div>\n\t\t\t\t<\/div>\n\t\t\t\t<\/div>\n\t\t","protected":false},"excerpt":{"rendered":"<p>Este tr\u00e1mite comprende la inscripci\u00f3n en la Direcci\u00f3n Nacional\u00a0 de Registro Civil, de partidas o certificados de los siguientes hechos y actos [&hellip;]<\/p>\n","protected":false},"author":1,"featured_media":0,"parent":0,"menu_order":0,"comment_status":"closed","ping_status":"closed","template":"elementor_header_footer","meta":{"footnotes":""},"class_list":["post-1599","page","type-page","status-publish","hentry"],"_links":{"self":[{"href":"https:\/\/dmarkd.com\/manos_cubanas\/wp-json\/wp\/v2\/pages\/1599","targetHints":{"allow":["GET"]}}],"collection":[{"href":"https:\/\/dmarkd.com\/manos_cubanas\/wp-json\/wp\/v2\/pages"}],"about":[{"href":"https:\/\/dmarkd.com\/manos_cubanas\/wp-json\/wp\/v2\/types\/page"}],"author":[{"embeddable":true,"href":"https:\/\/dmarkd.com\/manos_cubanas\/wp-json\/wp\/v2\/users\/1"}],"replies":[{"embeddable":true,"href":"https:\/\/dmarkd.com\/manos_cubanas\/wp-json\/wp\/v2\/comments?post=1599"}],"version-history":[{"count":4,"href":"https:\/\/dmarkd.com\/manos_cubanas\/wp-json\/wp\/v2\/pages\/1599\/revisions"}],"predecessor-version":[{"id":1606,"href":"https:\/\/dmarkd.com\/manos_cubanas\/wp-json\/wp\/v2\/pages\/1599\/revisions\/1606"}],"wp:attachment":[{"href":"https:\/\/dmarkd.com\/manos_cubanas\/wp-json\/wp\/v2\/media?parent=1599"}],"curies":[{"name":"wp","href":"https:\/\/api.w.org\/{rel}","templated":true}]}}