{"id":1611,"date":"2025-03-14T18:52:52","date_gmt":"2025-03-14T17:52:52","guid":{"rendered":"https:\/\/dmarkd.com\/manos_cubanas\/?page_id=1611"},"modified":"2025-03-14T18:54:30","modified_gmt":"2025-03-14T17:54:30","slug":"visa_de_turismo","status":"publish","type":"page","link":"https:\/\/dmarkd.com\/manos_cubanas\/visa_de_turismo\/","title":{"rendered":"Visa de turismo"},"content":{"rendered":"\t\t<div data-elementor-type=\"wp-page\" data-elementor-id=\"1611\" class=\"elementor elementor-1611\">\n\t\t\t\t<div class=\"elementor-element elementor-element-d91e73d e-flex e-con-boxed e-con e-parent\" data-id=\"d91e73d\" data-element_type=\"container\">\n\t\t\t\t\t<div class=\"e-con-inner\">\n\t\t\t\t<div class=\"elementor-element elementor-element-1a22605 elementor-widget elementor-widget-text-editor\" data-id=\"1a22605\" data-element_type=\"widget\" data-widget_type=\"text-editor.default\">\n\t\t\t\t<div class=\"elementor-widget-container\">\n\t\t\t\t\t\t\t\t\t<p class=\"Page-description u-mb6\">Extranjeros que requieren Visa para ingresar a Uruguay<\/p><div><p><strong>Es in\u00fatil presentarse sin cita en el Consulado. Se agradece que lea cuidadosamente este documento y se asegure de contar con todos los requisitos antes de formalizar el pago para el tr\u00e1mite de visa.<\/strong><\/p><p>A partir del 29\/01\/2024 el Consulado de la Rep\u00fablica Oriental del Uruguay en La Habana comenz\u00f3 a cobrar de forma anticipada las solicitudes de visa al momento de inicio del tr\u00e1mite.\u00a0<strong>Para realizar dicho pago deber\u00e1 solicitar cita previa como se indica m\u00e1s abajo en el punto 2.<\/strong><\/p><p>El costo de la visa a pagar en forma anticipada es de 45 euros. Debe aportar el dinero exacto y en buen estado, no se aceptan monedas ni billetes con marcas, inscripciones ni roturas.<\/p><p>IMPORTANTE: Le informamos que el cobro anticipado no implica una aprobaci\u00f3n de la visa solicitada. El Estado uruguayo podr\u00e1 conceder o denegar la visa de acuerdo con lo establecido en la normativa vigente. En ning\u00fan caso se restituir\u00e1 el pago del tr\u00e1mite de visa.<\/p><p>\u00a0<\/p><ol><li><h3>Requisitos:<\/h3><\/li><\/ol><p>Podr\u00e1n solicitar visa de turismo aquellas personas que deseen ingresar al pa\u00eds de manera temporaria con motivo de placer, recreaci\u00f3n o esparcimiento.<\/p><p><strong>Plazo de permanencia:<\/strong>\u00a0hasta 90 d\u00edas<\/p><p><strong>Tipo de entradas al pa\u00eds:<\/strong>\u00a0m\u00faltiple<\/p><p><strong>Vigencia de la visa<\/strong>: 180 d\u00edas durante las cuales se podr\u00e1 ingresar al pa\u00eds en varias ocasiones<\/p><p><strong>Costo:\u00a0<\/strong>45.00 euros.<\/p><p>Para la solicitud de visa de turismo usted tiene dos formas de reunir los requisitos exigidos:<\/p><ul><li>Demostrando que cuenta con medios propios para realizar el viaje.<\/li><li>Por invitaci\u00f3n de un ciudadano o residente legal en el pa\u00eds que asuma parcial o totalmente los costos econ\u00f3micos y responsabilidad legal de su visita.<\/li><\/ul><p>Debido a la alta demanda de visas, se recomienda que los planes de viaje se realicen con no menos de\u00a0<strong>6 meses de antelaci\u00f3n.<\/strong><\/p><p>En base a estas dos v\u00edas usted debe presentar los siguientes documentos:<\/p><p><strong>(Toda documentaci\u00f3n debe aportarse legible y debidamente apta para su lectura)<\/strong><\/p><h4>En caso de que el solicitante viaje por medios propios:<\/h4><ul><li><strong>Pasaporte actualizado:\u00a0<\/strong>El pasaporte debe estar vigente, tener al menos 6 meses de validez a partir de la fecha de ingreso esperada al pa\u00eds y contar con al menos dos hojas en blanco.<\/li><li><strong>Foto tama\u00f1o pasaporte.\u00a0<\/strong>La foto debe ser de 50 mm x 50 mm con fondo blanco, tomada de frente y no tener m\u00e1s de 6 meses.<\/li><li><strong>Formulario de solicitud de visa<\/strong>. Puede descargarlo al final de la p\u00e1gina y enviarlo en formato pdf, llenado digital, no a mano.<\/li><li><strong>Reserva de hotel u otro comprobante de alojamiento:\u00a0<\/strong>Adjuntar reserva v\u00e1lida de alojamiento. Es importante tener presente que la fecha de reserva de hotel deber\u00e1 coincidir con la fecha de pasaje que aportar\u00e1 indefectiblemente el d\u00eda de estampado de visa. De no coincidir ambas fechas, deber\u00e1 presentar nueva reserva de alojamiento actualizada que concuerde con la fecha de pasaje.<\/li><li><strong>Solvencia econ\u00f3mica para su estad\u00eda.\u00a0<\/strong>El solicitante debe demostrar solvencia econ\u00f3mica para viajar a Uruguay por el per\u00edodo previsto, el\u00a0<strong>monto m\u00ednimo<\/strong>\u00a0de la cuenta bancaria es de 2000.00 d\u00f3lares o su equivalente en euros o en moneda nacional de acuerdo al tipo de cambio para la poblaci\u00f3n, de la p\u00e1gina oficial del Banco Central de Cuba\u00a0<a href=\"https:\/\/www.bc.gob.cu\/\">https:\/\/www.bc.gob.cu\/<\/a>.<\/li><li>Esto debe ser documentado mediante los siguientes medios:<ul><li><strong>Libreta de Banco:\u00a0<\/strong>Imagen de la primera hoja y de la \u00faltima de la Libreta de Banco.<\/li><li>En caso de<strong>\u00a0cuentas con tarjeta de d\u00e9bito:\u00a0<\/strong>Comprobante de Consulta de saldo emitido por cajero autom\u00e1tico en las \u00faltimas 48 horas,\u00a0<strong>junto a una imagen de la tarjeta de banco.<\/strong><\/li><li><strong>Comprobantes de dep\u00f3sitos a plazo fijo.\u00a0<\/strong>Deber\u00e1 enviar imagen del documento escaneado por ambas caras.<\/li><\/ul><\/li><\/ul><p class=\"Indent1\"><strong>Debe demostrarse una antig\u00fcedad m\u00ednima en los dep\u00f3sitos equivalente a 180 d\u00edas para cada caso.<\/strong><\/p><h4>En caso de que el solicitante haya sido invitado por una persona, se debe presentar la siguiente documentaci\u00f3n:<\/h4><ul><li><strong>Pasaporte actualizado:\u00a0<\/strong>El pasaporte debe estar vigente, tener al menos 6 meses de validez a partir de la fecha de ingreso esperada al pa\u00eds y contar con al menos dos hojas en blanco.<\/li><li><strong>Foto tama\u00f1o pasaporte.\u00a0<\/strong>La foto debe ser de 50 mm x 50 mm con fondo blanco, tomada de frente y no tener m\u00e1s de 6 meses.<\/li><li><strong>Formulario de solicitud de visa<\/strong>. Puede descargarlo al final de la p\u00e1gina y enviarlo en formato pdf, llenado digital, no a mano.<\/li><li><strong>Carta de invitaci\u00f3n firmada y escaneada.\u00a0<\/strong>La Carta debe ser realizada en Uruguay por un\u00a0<em>ciudadano uruguayo o un residente legal\u00a0<\/em>y no es necesario que est\u00e9 legalizada. Se informa que la carta de invitaci\u00f3n constituye una declaraci\u00f3n jurada y debe estar firmada y escaneada adem\u00e1s de contener informaci\u00f3n relativa al v\u00ednculo con el solicitante, la garant\u00eda de que el invitado no ser\u00e1 carga p\u00fablica, as\u00ed como pago de pasaje, hospedaje y otros, seg\u00fan corresponda.<\/li><li><strong>C\u00e9dula de identidad de la referencia en Uruguay.<\/strong>\u00a0Imagen escaneada de ambos lados de la c\u00e9dula de identidad de la persona que firma la carta<strong>.<\/strong>\u00a0Puede descargar recomendaciones carta de invitaci\u00f3n al final de la p\u00e1gina.<\/li><\/ul><p>\u00a0<\/p><p><strong>\u00a0<\/strong><em><strong>Nota<\/strong><\/em><strong>\u00a0<\/strong><em>En caso de que la carta de invitaci\u00f3n no cubra totalmente los costos del viaje el solicitante debe presentar:<\/em><\/p><ul><li><strong>Libreta de Banco.\u00a0<\/strong>Imagen de la primera hoja y de la \u00faltima de la Libreta de Banco.<\/li><li>En caso de\u00a0<strong>cuentas con tarjeta de d\u00e9bito:\u00a0<\/strong>Comprobante de Consulta de saldo emitido por cajero autom\u00e1tico en las \u00faltimas 48 horas, antes de la fecha de la entrevista\u00a0<strong>junto a una imagen de la tarjeta de banco.<\/strong><\/li><li><strong>Comprobantes de dep\u00f3sitos a plazo fijo.\u00a0<\/strong>Deber\u00e1 enviar imagen del documento escaneado por ambas caras.<\/li><\/ul><p class=\"Indent1\"><strong>Debe demostrarse una antig\u00fcedad m\u00ednima en los dep\u00f3sitos equivalente a 180 d\u00edas para cada caso.<\/strong><\/p><p>NOTA: El consulado se reserva el derecho de solicitar cualquier otro documento probatorio en caso de que sea necesario.<\/p><p>En este sentido se incluye t\u00edtulos profesionales o t\u00e9cnicos, constancia del centro de trabajo, fotocopia del carnet de la ONAT, documentos de propiedad de casa o auto, etc. En caso de viajar acompa\u00f1ado de familiares, invitado por ellos o con motivo de visitarlos podr\u00eda ser requerido certificado de matrimonio o nacimiento para demostrar el v\u00ednculo familiar.<\/p><p><strong>En el caso de las solicitudes de visas para menores de edad, adem\u00e1s se deber\u00e1 adjuntar fotocopia de la Autorizaci\u00f3n de menor para viaje al exterior.<\/strong><\/p><div><h4>IMPORTANTE: Visas de Turismo y Negocios.<\/h4><p>Se informa al solicitante que en caso de permanecer en Uruguay por un per\u00edodo mayor al declarado al momento de solicitar la visa, deber\u00e1 contar con medios suficientes para garantizar su manutenci\u00f3n y alojamiento. Asimismo, deber\u00e1 regularizar su situaci\u00f3n migratoria en el pa\u00eds, en los t\u00e9rminos de la Ley 18250.<\/p><\/div><p><strong>\u00a0<\/strong><\/p><ol start=\"2\"><li><h3>Solicitud de cita para proceder al pago anticipado del tr\u00e1mite<\/h3><\/li><\/ol><p>Cuando el solicitante se asegure de que cumple con los requisitos se\u00f1alados anteriormente, deber\u00e1 proceder de la siguiente forma:<\/p><ul><li>Solicitar cita para formalizar el pago anticipado del tr\u00e1mite, mediante correo electr\u00f3nico al Consulado\u00a0<a href=\"mailto:cdlahabana@mrree.gub.uy\">cdlahabana@mrree.gub.uy<\/a>, deber\u00e1 aportar en el cuerpo del correo nombre completo y n\u00famero de pasaporte de cada uno de los solicitantes que deseen realizar el pago, escriturando en el asunto:\u00a0<strong>PAGO PARA TR\u00c1MITE DE VISA.<\/strong><\/li><li>Luego de realizar el pago del tr\u00e1mite, deber\u00e1 enviar \u00a0al correo electr\u00f3nico del Consulado la documentaci\u00f3n para el tr\u00e1mite de visa seg\u00fan sea su caso y el comprobante de pago entregado por el Consulado. No se iniciar\u00e1n tr\u00e1mites sin copia comprobante de pago.<\/li><li>El correo adjuntando toda la documentaci\u00f3n no puede exceder los 30 d\u00edas corridos a partir de la fecha del pago.<\/li><\/ul><p><strong>IMPORTANTE:\u00a0<\/strong>La documentaci\u00f3n de cada solicitante y el recibo del pago anticipado del tr\u00e1mite, debe remitirse\u00a0<strong>EN UN SOLO MENSAJE<\/strong>, escriturando en el asunto: Solicitud de visa de turismo de (nombre completo de y\/o los solicitantes) de lo contrario se\u00a0<strong>desestimar\u00e1 la solicitud.\u00a0<\/strong>Si es un n\u00facleo familiar debe estar toda la documentaci\u00f3n en un mismo correo igualmente<strong>.<\/strong><\/p><p>El Consulado revisar\u00e1 los expedientes enviados al correo electr\u00f3nico por orden de llegada y el solicitante recibir\u00e1 por la misma v\u00eda cita para la entrevista.<\/p><p>Para consultar el estado de su tr\u00e1mite deber\u00e1 hacerlo mediante el correo:\u00a0<a href=\"mailto:cdlahabana@mrree.gub.uy\">cdlahabana@mrree.gub.uy<\/a>.\u00a0\u00a0\u00a0\u00a0\u00a0\u00a0\u00a0\u00a0\u00a0\u00a0\u00a0\u00a0\u00a0\u00a0\u00a0\u00a0\u00a0\u00a0\u00a0\u00a0\u00a0\u00a0\u00a0\u00a0\u00a0\u00a0\u00a0\u00a0\u00a0<\/p><p><strong>NO SE ATENDER\u00c1N DE MANERA PRESENCIAL EN EL CONSULADO CONSULTAS AL RESPECTO.<\/strong><\/p><ol start=\"3\"><li><h3>Documentaci\u00f3n a presentar en caso que la visa sea autorizada:<\/h3><\/li><\/ol><p>Si la solicitud de visa es aprobada, el Consulado se comunicar\u00e1 v\u00eda correo para otorgar cita para el estampado de la misma, que debe hacerse dentro del plazo de 60 d\u00edas corridos a partir de la fecha de la referida autorizaci\u00f3n. Al momento de concurrir al Consulado a estampar visa deber\u00e1 presentar:<\/p><ul><li>Pasaporte (donde se estampar\u00e1 la visa) vigente. El pasaporte debe tener al menos 6 meses de validez a partir de la fecha de ingreso esperada al pa\u00eds y contar con al menos dos hojas en blanco.<\/li><li>Pasaje emitido de ida y vuelta (impreso).<\/li><li>La reserva de alojamiento la cual debe coincidir con el itinerario de pasaje (fechas de arribo y partida de Uruguay). En caso de no coincidir, puede aportar nueva reserva de alojamiento.<\/li><\/ul><p>La visa temporal o de turismo, tiene una validez de 180 d\u00edas a partir de la fecha del estampado en el pasaporte, durante los cuales se podr\u00e1 ingresar al pa\u00eds en varias ocasiones con una permanencia m\u00e1xima de 90 d\u00edas en cada ingreso.<\/p><p><strong>IMPORTANTE:<\/strong>\u00a0Este Consulado guarda un riguroso orden para evitar aglomeraciones y ofrecer un servicio \u00f3ptimo,\u00a0<strong>NO<\/strong>\u00a0se estampar\u00e1n visas sin cita coordinada, ya que implicar\u00eda atrasar otra previamente concedida lo cual no es justo ni administrativamente procedente.<\/p><ol start=\"4\"><li><h3>En caso que la visa sea denegada:<\/h3><\/li><\/ol><p>Si la solicitud de visa fue DENEGADA, debe esperarse un plazo m\u00ednimo de 60 d\u00edas para poder iniciar una nueva solicitud.<\/p><p><strong>No se realiza explicaci\u00f3n de motivos en los casos de visas denegadas.<\/strong><\/p><\/div>\t\t\t\t\t\t\t\t<\/div>\n\t\t\t\t<\/div>\n\t\t\t\t\t<\/div>\n\t\t\t\t<\/div>\n\t\t\t\t<\/div>\n\t\t","protected":false},"excerpt":{"rendered":"<p>Extranjeros que requieren Visa para ingresar a Uruguay Es in\u00fatil presentarse sin cita en el Consulado. Se agradece que lea cuidadosamente este [&hellip;]<\/p>\n","protected":false},"author":1,"featured_media":0,"parent":0,"menu_order":0,"comment_status":"closed","ping_status":"closed","template":"elementor_header_footer","meta":{"footnotes":""},"class_list":["post-1611","page","type-page","status-publish","hentry"],"_links":{"self":[{"href":"https:\/\/dmarkd.com\/manos_cubanas\/wp-json\/wp\/v2\/pages\/1611","targetHints":{"allow":["GET"]}}],"collection":[{"href":"https:\/\/dmarkd.com\/manos_cubanas\/wp-json\/wp\/v2\/pages"}],"about":[{"href":"https:\/\/dmarkd.com\/manos_cubanas\/wp-json\/wp\/v2\/types\/page"}],"author":[{"embeddable":true,"href":"https:\/\/dmarkd.com\/manos_cubanas\/wp-json\/wp\/v2\/users\/1"}],"replies":[{"embeddable":true,"href":"https:\/\/dmarkd.com\/manos_cubanas\/wp-json\/wp\/v2\/comments?post=1611"}],"version-history":[{"count":4,"href":"https:\/\/dmarkd.com\/manos_cubanas\/wp-json\/wp\/v2\/pages\/1611\/revisions"}],"predecessor-version":[{"id":1616,"href":"https:\/\/dmarkd.com\/manos_cubanas\/wp-json\/wp\/v2\/pages\/1611\/revisions\/1616"}],"wp:attachment":[{"href":"https:\/\/dmarkd.com\/manos_cubanas\/wp-json\/wp\/v2\/media?parent=1611"}],"curies":[{"name":"wp","href":"https:\/\/api.w.org\/{rel}","templated":true}]}}