{"id":1621,"date":"2025-03-14T19:06:13","date_gmt":"2025-03-14T18:06:13","guid":{"rendered":"https:\/\/dmarkd.com\/manos_cubanas\/?page_id=1621"},"modified":"2025-03-14T19:07:19","modified_gmt":"2025-03-14T18:07:19","slug":"carta_de_ciudadania","status":"publish","type":"page","link":"https:\/\/dmarkd.com\/manos_cubanas\/carta_de_ciudadania\/","title":{"rendered":"Carta de ciudadan\u00eda"},"content":{"rendered":"\t\t<div data-elementor-type=\"wp-page\" data-elementor-id=\"1621\" class=\"elementor elementor-1621\">\n\t\t\t\t<div class=\"elementor-element elementor-element-d91e73d e-flex e-con-boxed e-con e-parent\" data-id=\"d91e73d\" data-element_type=\"container\">\n\t\t\t\t\t<div class=\"e-con-inner\">\n\t\t\t\t<div class=\"elementor-element elementor-element-1a22605 elementor-widget elementor-widget-text-editor\" data-id=\"1a22605\" data-element_type=\"widget\" data-widget_type=\"text-editor.default\">\n\t\t\t\t<div class=\"elementor-widget-container\">\n\t\t\t\t\t\t\t\t\t<p>Es la condici\u00f3n que adquiere una persona extranjera luego de haberla solicitado y haber cumplido con los requisitos establecidos en la normativa vigente.<\/p><p>Una vez concedida se le extiende la Carta de Ciudadan\u00eda que es el documento que acredita tal condici\u00f3n.<\/p><p>Transcurridos 3 a\u00f1os de otorgada la Ciudadan\u00eda Legal deber\u00e1 presentar la Carta de Ciudadan\u00eda para solicitar la inscripci\u00f3n en el Registro C\u00edvico Nacional para obtener la Credencial C\u00edvica.<\/p><h3 class=\"u-mt1 u-mb3 u-h4\">Requisitos<\/h3><div><p><strong>Debe probarse lo siguiente:<\/strong><\/p><p><strong>NACIONALIDAD<\/strong><\/p><ul><li>Mediante una de las opciones siguientes seg\u00fan corresponda:<\/li><\/ul><ol start=\"1\" type=\"a\"><li>Testimonio de Partida de Nacimiento expedido por el Registro de Estado Civil, \u201cLibro de Extranjeros\u201d o documento del pa\u00eds de origen apostillado o visado seg\u00fan corresponda.<\/li><li>Testimonio de Partida de Matrimonio expedido por el Registro de Estado Civil, por haberse realizado el acto en Uruguay o por haberse registrado en el \u201cLibro de Extranjeros\u201d el acto realizado en el exterior de nuestro pa\u00eds o documento del pa\u00eds de origen apostillado o visado seg\u00fan corresponda.<\/li><li>Testimonio de Partida de Nacimiento de un hijo o de una hija, expedido por el Registro de Estado Civil, por haber nacido en Uruguay o por haber sido registrado en el \u201cLibro de Extranjeros\u201d el nacimiento sucedido fuera de nuestro pa\u00eds o documento del pa\u00eds de origen apostillado o visado seg\u00fan corresponda.<\/li><li>Otro documento del pa\u00eds de origen como pasaporte o documento de identidad, etc. En el que conste la nacionalidad de la persona solicitante. El mismo se deber\u00e1 presentar apostillado o visado seg\u00fan corresponda.<ul><li>\u00a0Registro de Estado Civil: Av. Uruguay 933 entre R\u00edo Branco y Convenci\u00f3n.<\/li><\/ul><\/li><\/ol><p><strong>INGRESO AL PA\u00cdS<\/strong><\/p><ul><li>\u00abCertificado de Residencia y Certificado de Movimientos Migratorios\u00bb expedido por la Direcci\u00f3n Nacional de Migraci\u00f3n.\u00a0<\/li><\/ul><p><strong>RESIDENCIA<\/strong><\/p><ul><li>\u00a0La \u201cresidencia\u201d debe ser \u201chabitual\u201d. Las salidas del pa\u00eds no pueden superar los 6 meses seguidos. Si superasen el lapso mencionado el tiempo de residencia exigido, 3 o 5 a\u00f1os seg\u00fan corresponda, comenzar\u00e1 de cero una vez que la persona solicitante haya ingresado nuevamente al Uruguay.<\/li><\/ul><p><strong>MEDIOS DE VIDA (ARRAIGO)<\/strong><\/p><ol start=\"1\" type=\"a\"><li>Certificados \u201cConsulta de Actividades por Persona\u201d e \u201cHistoria Laboral\u201d expedidos por el Banco de Previsi\u00f3n Social.<\/li><li>Certificado de Jubilaci\u00f3n o Pensi\u00f3n expedido por el Banco de Previsi\u00f3n Social.<\/li><li>Constancia de que posee una \u201cEmpresa Unipersonal\u201d expedido por el Banco de Previsi\u00f3n Social: Oficinas Centrales: Colonia 1921 entre Fern\u00e1ndez Crespo y Eduardo Acevedo o en las Oficinas de Asesor\u00eda Tributaria y Recaudaci\u00f3n \u201cATYR\u201d: Sarand\u00ed 570 esquina Ituzaing\u00f3, Plaza Matriz, Ciudad Vieja.<\/li><li>Certificado expedido por la Caja de Profesionales Universitarios, por la Caja Notarial o por la Caja de Jubilaciones y Pensiones Bancarias. En estos casos, por ser instituciones privadas, estos documentos deber\u00e1n estar verificados en firma y en contenido por Escribano P\u00fablico.<\/li><li>Certificado expedido por la Caja Militar o por la Caja Policial, seg\u00fan corresponda.<\/li><li>T\u00edtulo de Propiedad de una vivienda. S\u00f3lo sirve como prueba de \u201cmedios de vida\u201d si se percibe alg\u00fan ingreso por concepto de alquiler de la misma.<\/li><\/ol><p><strong>MATRIMONIO O UNI\u00d3N CONCUBINARIA<\/strong><\/p><ul><li>En el caso de parejas casadas o con Sentencia del Poder Judicial de \u201cuni\u00f3n concubinaria\u201d se podr\u00e1 certificar que su c\u00f3nyuge reside en su compa\u00f1\u00eda, estando a su cargo su manutenci\u00f3n.<\/li><\/ul><p><strong>ESTUDIANTES<\/strong><\/p><ol start=\"1\" type=\"a\"><li>Deber\u00e1n presentar Certificado de estudios y escolaridad de Ense\u00f1anza Secundaria.<\/li><li>Deber\u00e1n presentar Certificado de estudios y escolaridad de Ense\u00f1anza Terciaria.<\/li><li>Probar \u201cmedio de vida\u201d (ingresos) de uno de los padres lo cual ser\u00e1 acompa\u00f1ado de una nota de manutenci\u00f3n la que se realizar\u00e1 en la Oficina.<ul><li>Si los Institutos de Ense\u00f1anza son privados los documentos a presentarse deber\u00e1n ser verificados en\u00a0firma y en contenido por Escribano P\u00fablico.<\/li><\/ul><\/li><\/ol><p><strong>PERSONAS QUE EJERZAN COMO RELIGIOSAS<\/strong><\/p><ul><li>Deber\u00e1n presentar Certificado de la congregaci\u00f3n religiosa a la que pertenecen en el que conste que cumple funciones en la misma, en forma regular e ininterrumpida, la fecha desde que cumple esa funci\u00f3n y que la manutenci\u00f3n est\u00e1 a cargo de la congregaci\u00f3n.<\/li><\/ul><p><strong>DEPORTISTAS<\/strong><\/p><ol start=\"1\" type=\"a\"><li>Certificado del Club al que pertenece, firmado por la autoridad responsable del mismo, estableci\u00e9ndose en el mismo las fechas de la actividad deportiva.<\/li><li>Certificado de la Federaci\u00f3n en el que figure actividad de la persona gestionante.<ul><li>Estos Certificados deber\u00e1n ser verificados en firma y en contenido por Escribano P\u00fablico.<\/li><\/ul><\/li><\/ol><p><strong>CERTIFICACIONES M\u00c9DICAS<\/strong><\/p><ul><li>Se deber\u00e1 presentar la Historia Cl\u00ednica de la que surja las veces que concurri\u00f3 para su atenci\u00f3n de acuerdo al lapso que sea necesario demostrar, no pudiendo mediar entre una fecha y la otra un lapso mayor a seis meses.<\/li><li>Si el Certificado M\u00e9dico es expedido por una instituci\u00f3n privada deber\u00e1 ser verificado en firma y en contenido por un Escribano P\u00fablico.<\/li><\/ul><p><strong>CERTIFICADO DE ANTECEDENTES JUDICIALES<\/strong><\/p><ul><li>Las personas solicitantes de la Ciudadan\u00eda Legal o del Certificado de Residencia NO deber\u00e1n tramitar el Certificado de Antecedentes Judiciales expedido por la Direcci\u00f3n Nacional de Polic\u00eda Cient\u00edfica dado que esta informaci\u00f3n se recaba directamente desde la Secci\u00f3n Ciudadan\u00eda Legal con la mencionada Instituci\u00f3n.<\/li><\/ul><p><strong>TESTIGOS<\/strong><\/p><ul><li>Las personas que concurran a declarar en calidad de \u201ctestigos\u201d no pueden ser de la persona gestionante: familiares; empleados o empleadores; militares; polic\u00edas en actividad o funcionarios electorales.<\/li><li>Deben ser mayores de 25 a\u00f1os de edad y conocer a la persona con el tiempo suficiente (3 a\u00f1os si es con familia constituida o 5 a\u00f1os si no posee familia en Uruguay).<\/li><li>Los testigos no deben concurrir el d\u00eda del inicio del tr\u00e1mite. Se fijar\u00e1 fecha y hora para la Audiencia a la que deber\u00e1n concurrir con su Credencial C\u00edvica.<\/li><\/ul><p><strong>VERIFICACI\u00d3N POR ESCRIBANA\/O P\u00daBLICA\/O<\/strong><\/p><ul><li>La documentaci\u00f3n expedida por instituciones privadas debe ser verificada en firma y en contenido por Escribana\/o P\u00fablica\/o.<\/li><li>EN FIRMA: Deber\u00e1 certificar que la firma que contiene el documento presentado es aut\u00e9ntica, establecida en su presencia por persona autorizada a tal efecto.<\/li><li>EN CONTENIDO: Debe establecer que tuvo a la vista los archivos, ficheros o registros que lleva la instituci\u00f3n y que los datos consignados en el documento presentado surgen de los mismos.<\/li><\/ul><h4>Costos<\/h4><p>No tiene costo<\/p><\/div>\t\t\t\t\t\t\t\t<\/div>\n\t\t\t\t<\/div>\n\t\t\t\t\t<\/div>\n\t\t\t\t<\/div>\n\t\t\t\t<\/div>\n\t\t","protected":false},"excerpt":{"rendered":"<p>Es la condici\u00f3n que adquiere una persona extranjera luego de haberla solicitado y haber cumplido con los requisitos establecidos en la normativa [&hellip;]<\/p>\n","protected":false},"author":1,"featured_media":0,"parent":0,"menu_order":0,"comment_status":"closed","ping_status":"closed","template":"elementor_header_footer","meta":{"footnotes":""},"class_list":["post-1621","page","type-page","status-publish","hentry"],"_links":{"self":[{"href":"https:\/\/dmarkd.com\/manos_cubanas\/wp-json\/wp\/v2\/pages\/1621","targetHints":{"allow":["GET"]}}],"collection":[{"href":"https:\/\/dmarkd.com\/manos_cubanas\/wp-json\/wp\/v2\/pages"}],"about":[{"href":"https:\/\/dmarkd.com\/manos_cubanas\/wp-json\/wp\/v2\/types\/page"}],"author":[{"embeddable":true,"href":"https:\/\/dmarkd.com\/manos_cubanas\/wp-json\/wp\/v2\/users\/1"}],"replies":[{"embeddable":true,"href":"https:\/\/dmarkd.com\/manos_cubanas\/wp-json\/wp\/v2\/comments?post=1621"}],"version-history":[{"count":4,"href":"https:\/\/dmarkd.com\/manos_cubanas\/wp-json\/wp\/v2\/pages\/1621\/revisions"}],"predecessor-version":[{"id":1626,"href":"https:\/\/dmarkd.com\/manos_cubanas\/wp-json\/wp\/v2\/pages\/1621\/revisions\/1626"}],"wp:attachment":[{"href":"https:\/\/dmarkd.com\/manos_cubanas\/wp-json\/wp\/v2\/media?parent=1621"}],"curies":[{"name":"wp","href":"https:\/\/api.w.org\/{rel}","templated":true}]}}