{"id":553,"date":"2021-11-02T08:55:26","date_gmt":"2021-11-02T08:55:26","guid":{"rendered":"https:\/\/demo.athemes.com\/sydney-main\/?page_id=553"},"modified":"2025-03-13T16:28:04","modified_gmt":"2025-03-13T15:28:04","slug":"quienes-somos","status":"publish","type":"page","link":"https:\/\/dmarkd.com\/manos_cubanas\/quienes-somos\/","title":{"rendered":"Qui\u00e9nes Somos"},"content":{"rendered":"\t\t<div data-elementor-type=\"wp-page\" data-elementor-id=\"553\" class=\"elementor elementor-553\">\n\t\t\t\t\t\t<section class=\"elementor-section elementor-top-section elementor-element elementor-element-acb4d0b elementor-section-content-middle elementor-section-boxed elementor-section-height-default elementor-section-height-default\" data-id=\"acb4d0b\" data-element_type=\"section\">\n\t\t\t\t\t\t<div class=\"elementor-container elementor-column-gap-default\">\n\t\t\t\t\t<div class=\"elementor-column elementor-col-100 elementor-top-column elementor-element elementor-element-3f5ebc8\" data-id=\"3f5ebc8\" data-element_type=\"column\">\n\t\t\t<div class=\"elementor-widget-wrap elementor-element-populated\">\n\t\t\t\t\t\t<div class=\"elementor-element elementor-element-fe4948c animated-slow elementor-invisible elementor-widget elementor-widget-heading\" data-id=\"fe4948c\" data-element_type=\"widget\" data-settings=\"{&quot;_animation&quot;:&quot;fadeIn&quot;}\" data-widget_type=\"heading.default\">\n\t\t\t\t<div class=\"elementor-widget-container\">\n\t\t\t\t\t<h1 class=\"elementor-heading-title elementor-size-default\">Qui\u00e9nes Somos<\/h1>\t\t\t\t<\/div>\n\t\t\t\t<\/div>\n\t\t\t\t<div class=\"elementor-element elementor-element-e7bd965 elementor-widget elementor-widget-text-editor\" data-id=\"e7bd965\" data-element_type=\"widget\" data-widget_type=\"text-editor.default\">\n\t\t\t\t<div class=\"elementor-widget-container\">\n\t\t\t\t\t\t\t\t\t<div class=\"flex max-w-full flex-col flex-grow\"><div class=\"min-h-8 text-message relative flex w-full flex-col items-end gap-2 whitespace-normal break-words text-start [.text-message+&amp;]:mt-5\" dir=\"auto\" data-message-author-role=\"assistant\" data-message-id=\"5447c9fb-6e58-4a3b-9c19-52eb044f7517\" data-message-model-slug=\"gpt-4o\"><div class=\"flex w-full flex-col gap-1 empty:hidden first:pt-[3px]\"><div class=\"markdown prose w-full break-words dark:prose-invert light\"><p data-start=\"923\" data-end=\"1252\"><br data-start=\"940\" data-end=\"943\" \/>Somos <strong data-start=\"949\" data-end=\"966\">Manos Cubanas<\/strong>, una organizaci\u00f3n sin fines de lucro dedicada a brindar apoyo humanitario a todos los cubanos en situaci\u00f3n de vulnerabilidad en Uruguay. Desde nuestra organizaci\u00f3n\u00a0 trabajamos promoviendo el bienestar y la solidaridad.<\/p><p data-start=\"1254\" data-end=\"1420\"><strong data-start=\"1254\" data-end=\"1272\">Nuestra Misi\u00f3n<\/strong><br data-start=\"1272\" data-end=\"1275\" \/>Trabajamos para mejorar la calidad de vida de las familias cubanas mediante programas de asistencia social, educaci\u00f3n y desarrollo comunitario.<\/p><p data-start=\"1422\" data-end=\"1548\"><strong data-start=\"1422\" data-end=\"1440\">Nuestra Visi\u00f3n<\/strong><br data-start=\"1440\" data-end=\"1443\" \/>Aspiramos a una comunidad donde cada persona tenga acceso a oportunidades para un futuro digno y sostenible.<\/p><p data-start=\"1550\" data-end=\"1635\"><strong data-start=\"1550\" data-end=\"1570\">Nuestros Valores<\/strong><br data-start=\"1570\" data-end=\"1573\" \/>\u2705 Solidaridad<br data-start=\"1586\" data-end=\"1589\" \/>\u2705 Transparencia<br data-start=\"1604\" data-end=\"1607\" \/>\u2705 Compromiso<br data-start=\"1619\" data-end=\"1622\" \/>\u2705 Inclusi\u00f3n<\/p><p data-start=\"1637\" data-end=\"1807\"><strong data-start=\"1637\" data-end=\"1656\">Nuestro Impacto<\/strong><br data-start=\"1656\" data-end=\"1659\" \/>Hasta la fecha, hemos beneficiado a varias familias, entregado donaciones y apoyado proyectos de sociales.<\/p><\/div><\/div><\/div><\/div><div class=\"mb-2 flex gap-3 -ml-2\" tabindex=\"0\"><div class=\"flex items-center justify-start rounded-xl p-1\"><div class=\"flex items-center\"><div class=\"flex\">\u00a0<\/div><div class=\"flex items-center pb-0\">\u00a0<\/div><\/div><\/div><\/div>\t\t\t\t\t\t\t\t<\/div>\n\t\t\t\t<\/div>\n\t\t\t\t\t<\/div>\n\t\t<\/div>\n\t\t\t\t\t<\/div>\n\t\t<\/section>\n\t\t\t\t<\/div>\n\t\t","protected":false},"excerpt":{"rendered":"<p>Qui\u00e9nes Somos Somos Manos Cubanas, una organizaci\u00f3n sin fines de lucro dedicada a brindar apoyo humanitario a todos los cubanos en situaci\u00f3n [&hellip;]<\/p>\n","protected":false},"author":1,"featured_media":0,"parent":0,"menu_order":0,"comment_status":"closed","ping_status":"closed","template":"page-templates\/page_front-page.php","meta":{"footnotes":""},"class_list":["post-553","page","type-page","status-publish","hentry"],"_links":{"self":[{"href":"https:\/\/dmarkd.com\/manos_cubanas\/wp-json\/wp\/v2\/pages\/553","targetHints":{"allow":["GET"]}}],"collection":[{"href":"https:\/\/dmarkd.com\/manos_cubanas\/wp-json\/wp\/v2\/pages"}],"about":[{"href":"https:\/\/dmarkd.com\/manos_cubanas\/wp-json\/wp\/v2\/types\/page"}],"author":[{"embeddable":true,"href":"https:\/\/dmarkd.com\/manos_cubanas\/wp-json\/wp\/v2\/users\/1"}],"replies":[{"embeddable":true,"href":"https:\/\/dmarkd.com\/manos_cubanas\/wp-json\/wp\/v2\/comments?post=553"}],"version-history":[{"count":11,"href":"https:\/\/dmarkd.com\/manos_cubanas\/wp-json\/wp\/v2\/pages\/553\/revisions"}],"predecessor-version":[{"id":1131,"href":"https:\/\/dmarkd.com\/manos_cubanas\/wp-json\/wp\/v2\/pages\/553\/revisions\/1131"}],"wp:attachment":[{"href":"https:\/\/dmarkd.com\/manos_cubanas\/wp-json\/wp\/v2\/media?parent=553"}],"curies":[{"name":"wp","href":"https:\/\/api.w.org\/{rel}","templated":true}]}}