{"id":829,"date":"2025-03-11T15:05:31","date_gmt":"2025-03-11T14:05:31","guid":{"rendered":"https:\/\/dmarkd.com\/manos_cubanas\/?page_id=829"},"modified":"2025-03-15T01:12:31","modified_gmt":"2025-03-15T00:12:31","slug":"residencia-por-arraigo","status":"publish","type":"page","link":"https:\/\/dmarkd.com\/manos_cubanas\/residencia-por-arraigo\/","title":{"rendered":"Residencia por Arraigo"},"content":{"rendered":"\t\t<div data-elementor-type=\"wp-page\" data-elementor-id=\"829\" class=\"elementor elementor-829\">\n\t\t\t\t<div class=\"elementor-element elementor-element-d91e73d e-flex e-con-boxed e-con e-parent\" data-id=\"d91e73d\" data-element_type=\"container\">\n\t\t\t\t\t<div class=\"e-con-inner\">\n\t\t\t\t<div class=\"elementor-element elementor-element-1a22605 elementor-widget elementor-widget-text-editor\" data-id=\"1a22605\" data-element_type=\"widget\" data-widget_type=\"text-editor.default\">\n\t\t\t\t<div class=\"elementor-widget-container\">\n\t\t\t\t\t\t\t\t\t<p>La Residencia por Arraigo Laboral es un programa de otorgamiento de residencia permanente creado como v\u00eda de regularizar a todos los extranjeros que hayan entrado al pa\u00eds antes del 23 de mayo del 2024. Los requisitos para poder acceder al mismo son:<\/p>\n<p>1- Tener m\u00ednimo 90 d\u00edas de aportes al BPS, ya sea como empleado dependiente comprobable con los recibos de sueldos o como independiente con monotributos o unipersonales.<br \/>2- Contar con un salario m\u00ednimo de 23 000 pesos.<br \/>3- Tener pasaporte y c\u00e9dula vigentes.<br \/>4- Tener certificado de vacunaci\u00f3n actualizado.<br \/>5- Tener los antecedentes penales correctamente legalizados por el Minrex en Cuba, la embajada de Uruguay en Cuba y por el MRREX aqu\u00ed en Uruguay. Se\u00f1alar en este punto que debido a los atrasos de la embajada de Uruguay en Cuba se ha dado la posibilidad de que aquellas personas que cuenten con los documentos legalizados solamente por el Minrex y a\u00fan se encuentren en espera de pasarlos por la embajada puedan iniciar el tr\u00e1mite, una vez iniciado el tramite y acudido a la audiencia pueden devolver el documento a Cuba para pasarlo en la embajada.<br \/>6- Tener la certificaci\u00f3n de nacimiento correctamente legalizada por las 3 entidades mencionadas anteriormente en formato uruguayo, en caso de no haberla pasado a formato uruguayo a\u00fan puede subirla de igual manera en su formato original y luego pasarla a formato uruguayo. Debe tener en cuenta que la certificaci\u00f3n de un menor vence al a\u00f1o.<\/p>\n<p>Todos los documentos deben encontrarse en formato PDF para poder ser subidos correctamente al sitio. Una vez subidos se debe esperar respuesta por correo electr\u00f3nico donde le indicaran si su tr\u00e1mite ha sido correctamente validado y pasa a la segunda fase que ser\u00eda el pago del mismo con un costo de 3377 pesos uruguayos y luego agendarse para la audiencia. En caso de que su tr\u00e1mite presente alg\u00fan error en alg\u00fan documento le llegar\u00e1 un correo electr\u00f3nico con las observaciones encontradas para que sean rectificadas y pueda avanzar correctamente.<\/p>\n<p>En caso de la Residencia por Arraigo Familiar es para familiares directos, d\u00edgase madre, padre, hijos o c\u00f3nyugues, debe de presentar los mismos documentos mencionados anteriormente y en el caso de los hijos la inscripci\u00f3n de nacimiento del menor pasada en formato uruguayo o iniciado el tr\u00e1mite. En caso de que uno de los padres no viva en el pa\u00eds debe presentar el Permiso para residir del padre o madre ausente.<\/p>\n<h4>Arraigo por reunificaci\u00f3n familiar<\/h4>\n<p><a href=\"https:\/\/mi.iduruguay.gub.uy\/login?process_state=6rvac0DLniI_lTa_eBrCon-qhZnj8qWC-9pBi70bdSM\"><span style=\"text-decoration: underline;\">https:\/\/mi.iduruguay.gub.uy\/login?process_state=D7rpUdF_WO8pkwgrF8L2Glg2hiuxdspSXlN4i3Q7Vww<\/span><\/a><\/p>\n<h4>Arraigo laboral<\/h4>\n<p><span style=\"text-decoration: underline;\"><a href=\"https:\/\/mi.iduruguay.gub.uy\/login?process_state=i5XmMkP4koJHTy2igykM_n0V2H8972qCijgZls6Cg3M\">https:\/\/mi.iduruguay.gub.uy\/login?process_state=i5XmMkP4koJHTy2igykM_n0V2H8972qCijgZls6Cg3M<\/a><\/span><\/p>\n<h4>Arraigo para la formaci\u00f3n o estudio<\/h4>\n<p><span style=\"text-decoration: underline;\"><a href=\"https:\/\/mi.iduruguay.gub.uy\/login?process_state=2mSqzKYPG-R4ZrGRvghB9P-60bvQtbxmIv54B-NDcbI\">https:\/\/mi.iduruguay.gub.uy\/login?process_state=2mSqzKYPG-R4ZrGRvghB9P-60bvQtbxmIv54B-NDcbI<\/a><\/span><\/p>\n<h4>\u00a0<\/h4>\t\t\t\t\t\t\t\t<\/div>\n\t\t\t\t<\/div>\n\t\t\t\t\t<\/div>\n\t\t\t\t<\/div>\n\t\t\t\t<\/div>\n\t\t","protected":false},"excerpt":{"rendered":"<p>La Residencia por Arraigo Laboral es un programa de otorgamiento de residencia permanente creado como v\u00eda de regularizar a todos los extranjeros [&hellip;]<\/p>\n","protected":false},"author":1,"featured_media":0,"parent":0,"menu_order":0,"comment_status":"closed","ping_status":"closed","template":"elementor_header_footer","meta":{"footnotes":""},"class_list":["post-829","page","type-page","status-publish","hentry"],"_links":{"self":[{"href":"https:\/\/dmarkd.com\/manos_cubanas\/wp-json\/wp\/v2\/pages\/829","targetHints":{"allow":["GET"]}}],"collection":[{"href":"https:\/\/dmarkd.com\/manos_cubanas\/wp-json\/wp\/v2\/pages"}],"about":[{"href":"https:\/\/dmarkd.com\/manos_cubanas\/wp-json\/wp\/v2\/types\/page"}],"author":[{"embeddable":true,"href":"https:\/\/dmarkd.com\/manos_cubanas\/wp-json\/wp\/v2\/users\/1"}],"replies":[{"embeddable":true,"href":"https:\/\/dmarkd.com\/manos_cubanas\/wp-json\/wp\/v2\/comments?post=829"}],"version-history":[{"count":17,"href":"https:\/\/dmarkd.com\/manos_cubanas\/wp-json\/wp\/v2\/pages\/829\/revisions"}],"predecessor-version":[{"id":1745,"href":"https:\/\/dmarkd.com\/manos_cubanas\/wp-json\/wp\/v2\/pages\/829\/revisions\/1745"}],"wp:attachment":[{"href":"https:\/\/dmarkd.com\/manos_cubanas\/wp-json\/wp\/v2\/media?parent=829"}],"curies":[{"name":"wp","href":"https:\/\/api.w.org\/{rel}","templated":true}]}}