{"id":856,"date":"2025-03-11T15:39:51","date_gmt":"2025-03-11T14:39:51","guid":{"rendered":"https:\/\/dmarkd.com\/manos_cubanas\/?page_id=856"},"modified":"2025-03-15T01:10:17","modified_gmt":"2025-03-15T00:10:17","slug":"cedula-de-identidad","status":"publish","type":"page","link":"https:\/\/dmarkd.com\/manos_cubanas\/cedula-de-identidad\/","title":{"rendered":"C\u00e9dula de Identidad"},"content":{"rendered":"\t\t<div data-elementor-type=\"wp-page\" data-elementor-id=\"856\" class=\"elementor elementor-856\">\n\t\t\t\t<div class=\"elementor-element elementor-element-e3a0fe3 e-flex e-con-boxed e-con e-parent\" data-id=\"e3a0fe3\" data-element_type=\"container\">\n\t\t\t\t\t<div class=\"e-con-inner\">\n\t\t\t\t<div class=\"elementor-element elementor-element-c645071 elementor-widget elementor-widget-heading\" data-id=\"c645071\" data-element_type=\"widget\" data-widget_type=\"heading.default\">\n\t\t\t\t<div class=\"elementor-widget-container\">\n\t\t\t\t\t<h2 class=\"elementor-heading-title elementor-size-default\">C\u00e9dula de Identidad<\/h2>\t\t\t\t<\/div>\n\t\t\t\t<\/div>\n\t\t\t\t\t<\/div>\n\t\t\t\t<\/div>\n\t\t<div class=\"elementor-element elementor-element-3c8a7e7 e-flex e-con-boxed e-con e-parent\" data-id=\"3c8a7e7\" data-element_type=\"container\">\n\t\t\t\t\t<div class=\"e-con-inner\">\n\t\t\t\t<div class=\"elementor-element elementor-element-23961dd elementor-widget elementor-widget-text-editor\" data-id=\"23961dd\" data-element_type=\"widget\" data-widget_type=\"text-editor.default\">\n\t\t\t\t<div class=\"elementor-widget-container\">\n\t\t\t\t\t\t\t\t\t<p>Todo extranjero al llegar al pa\u00eds puede realizar los tr\u00e1mites correspondientes para obtener una cedula de identidad de Residencia en Tr\u00e1mites. La misma es v\u00e1lida por 2 a\u00f1os con derecho a renovaci\u00f3n por 1 mas luego de pasados esos dos antes mencionados. Para acceder a esta c\u00e9dula debe:<\/p><p>1- Vacunarse en cualquier vacunatorio, este tramite es gratis, puede acercarse a cualquier policl\u00ednica con el pasaporte y proceder a ponerse las vacunas correspondientes obteniendo al final el esquema de vacunaci\u00f3n.<br \/>2- Obtener el carnet de salud. El mismo se puede obtener en cualquier cl\u00ednica privada o en Policl\u00ednicas. Este tiene un costo en dependencia del lugar donde se realice y en dependencia de la urgencia, si lo desea de manera urgente podr\u00eda tener un costo de entre 800 y 1000 pesos, si lo desea para despu\u00e9s podr\u00eda ser mas econ\u00f3mico.<br \/>3- Debe dirigirse a la Intendencia y tramitar la solicitud de la c\u00e9dula. Este tramite es totalmente gratis.<\/p><p>Actualmente este tr\u00e1mite est\u00e1 demorando al rededor de 3 meses aproximadamente por la alta demanda de solicitudes. Debe esperar pacientemente la respuesta del tr\u00e1mite por correo electr\u00f3nico para proceder al pago de la c\u00e9dula (700 pesos uruguayos aproximadamente) y luego agendarse para la audiencia. Debe concurrir a la misma con el pasaporte y el documento que se le entrega en la frontera al entrar al pa\u00eds.<\/p><p>\u00a0<\/p><h3 id=\"contenido-seleccion\">Personas extranjeras con residencia temporaria<\/h3><p><a href=\"https:\/\/mi.iduruguay.gub.uy\/login?process_state=6rvac0DLniI_lTa_eBrCon-qhZnj8qWC-9pBi70bdSM\"><span style=\"text-decoration: underline;\">https:\/\/mi.iduruguay.gub.uy\/login?process_state=Fedm11mpdUWbkad7ufUBld6iUHkGdoHyXcCEHhwCNK0https:\/\/mi.iduruguay.gub.uy\/login?process_state=D7rpUdF_WO8pkwgrF8L2Glg2hiuxdspSXlN4i3Q7Vww<\/span><\/a><\/p><h4>\u00a0<\/h4>\t\t\t\t\t\t\t\t<\/div>\n\t\t\t\t<\/div>\n\t\t\t\t\t<\/div>\n\t\t\t\t<\/div>\n\t\t\t\t<\/div>\n\t\t","protected":false},"excerpt":{"rendered":"<p>C\u00e9dula de Identidad Todo extranjero al llegar al pa\u00eds puede realizar los tr\u00e1mites correspondientes para obtener una cedula de identidad de Residencia [&hellip;]<\/p>\n","protected":false},"author":1,"featured_media":0,"parent":0,"menu_order":0,"comment_status":"closed","ping_status":"closed","template":"elementor_header_footer","meta":{"footnotes":""},"class_list":["post-856","page","type-page","status-publish","hentry"],"_links":{"self":[{"href":"https:\/\/dmarkd.com\/manos_cubanas\/wp-json\/wp\/v2\/pages\/856","targetHints":{"allow":["GET"]}}],"collection":[{"href":"https:\/\/dmarkd.com\/manos_cubanas\/wp-json\/wp\/v2\/pages"}],"about":[{"href":"https:\/\/dmarkd.com\/manos_cubanas\/wp-json\/wp\/v2\/types\/page"}],"author":[{"embeddable":true,"href":"https:\/\/dmarkd.com\/manos_cubanas\/wp-json\/wp\/v2\/users\/1"}],"replies":[{"embeddable":true,"href":"https:\/\/dmarkd.com\/manos_cubanas\/wp-json\/wp\/v2\/comments?post=856"}],"version-history":[{"count":7,"href":"https:\/\/dmarkd.com\/manos_cubanas\/wp-json\/wp\/v2\/pages\/856\/revisions"}],"predecessor-version":[{"id":1737,"href":"https:\/\/dmarkd.com\/manos_cubanas\/wp-json\/wp\/v2\/pages\/856\/revisions\/1737"}],"wp:attachment":[{"href":"https:\/\/dmarkd.com\/manos_cubanas\/wp-json\/wp\/v2\/media?parent=856"}],"curies":[{"name":"wp","href":"https:\/\/api.w.org\/{rel}","templated":true}]}}