{"id":866,"date":"2025-03-11T16:22:52","date_gmt":"2025-03-11T15:22:52","guid":{"rendered":"https:\/\/dmarkd.com\/manos_cubanas\/?page_id=866"},"modified":"2025-03-12T13:49:48","modified_gmt":"2025-03-12T12:49:48","slug":"escuelas","status":"publish","type":"page","link":"https:\/\/dmarkd.com\/manos_cubanas\/escuelas\/","title":{"rendered":"Escuelas"},"content":{"rendered":"\t\t<div data-elementor-type=\"wp-page\" data-elementor-id=\"866\" class=\"elementor elementor-866\">\n\t\t\t\t<div class=\"elementor-element elementor-element-8b5f732 e-flex e-con-boxed e-con e-parent\" data-id=\"8b5f732\" data-element_type=\"container\">\n\t\t\t\t\t<div class=\"e-con-inner\">\n\t\t\t\t<div class=\"elementor-element elementor-element-0745084 elementor-widget elementor-widget-heading\" data-id=\"0745084\" data-element_type=\"widget\" data-widget_type=\"heading.default\">\n\t\t\t\t<div class=\"elementor-widget-container\">\n\t\t\t\t\t<h2 class=\"elementor-heading-title elementor-size-default\">Escuelas<\/h2>\t\t\t\t<\/div>\n\t\t\t\t<\/div>\n\t\t\t\t\t<\/div>\n\t\t\t\t<\/div>\n\t\t<div class=\"elementor-element elementor-element-b7b1a17 e-flex e-con-boxed e-con e-parent\" data-id=\"b7b1a17\" data-element_type=\"container\">\n\t\t\t\t\t<div class=\"e-con-inner\">\n\t\t\t\t<div class=\"elementor-element elementor-element-113e3d5 elementor-widget elementor-widget-text-editor\" data-id=\"113e3d5\" data-element_type=\"widget\" data-widget_type=\"text-editor.default\">\n\t\t\t\t<div class=\"elementor-widget-container\">\n\t\t\t\t\t\t\t\t\t<p>En el pa\u00eds existe educaci\u00f3n p\u00fablica que es gratuita para todas las edades y la privada que si tiene un costo dependiendo del tipo de escuela que oscila entre los 17000 y los 24 000 aproximadamente.<\/p><p>&#8211; Existen los CAIF (Centro de Atenci\u00f3n a la Infancia y la Familia) que son para los ni\u00f1os peque\u00f1os de 0 y 3 a\u00f1os. Algunos atienden ni\u00f1os de hasta 5 a\u00f1os.<br \/>&#8211; Las escuelas primarias atienden ni\u00f1os de 6 a\u00f1os en adelante empezando por 1er grado hasta 11 a\u00f1os terminando en 6to grado. Hay escuelas de 4h y escuelas de 8h.<br \/>-Los llamados Liceos son para los estudiantes de 12 a 17 a\u00f1os para ejercer de 1ero a 3er a\u00f1o de secundaria, lo que vendr\u00eda siendo de 7mo a 9no grado en Cuba y de 4to a 6to de secundaria, lo que vendr\u00eda siendo de 10mo a 12mo grado en Cuba la etapa de preuniversitario.<br \/>-Est\u00e1 la UTU (Universidad del Trabajo del Uruguay) que combina formaci\u00f3n acad\u00e9mica con orientaci\u00f3n t\u00e9cnica o laboral. Es lo que vendr\u00edan siendo tipo los Polit\u00e9cnicos en Cuba<br \/>-Liceos Privados con programas propios que ya son las escuelas privadas.<br \/>-La UDELAR ES LA Universidad p\u00fablica a la cual se accede con el titulo de bachiller al terminar el liceo.<br \/>-La ORT, Cat\u00f3lica o UM son universidades privadas a la cual tambi\u00e9n puede ingresar cualquier estudiante siempre que cuente con el fondo monetario requerido.<\/p>\t\t\t\t\t\t\t\t<\/div>\n\t\t\t\t<\/div>\n\t\t\t\t\t<\/div>\n\t\t\t\t<\/div>\n\t\t\t\t<\/div>\n\t\t","protected":false},"excerpt":{"rendered":"<p>Escuelas En el pa\u00eds existe educaci\u00f3n p\u00fablica que es gratuita para todas las edades y la privada que si tiene un costo [&hellip;]<\/p>\n","protected":false},"author":1,"featured_media":0,"parent":0,"menu_order":0,"comment_status":"closed","ping_status":"closed","template":"elementor_header_footer","meta":{"footnotes":""},"class_list":["post-866","page","type-page","status-publish","hentry"],"_links":{"self":[{"href":"https:\/\/dmarkd.com\/manos_cubanas\/wp-json\/wp\/v2\/pages\/866","targetHints":{"allow":["GET"]}}],"collection":[{"href":"https:\/\/dmarkd.com\/manos_cubanas\/wp-json\/wp\/v2\/pages"}],"about":[{"href":"https:\/\/dmarkd.com\/manos_cubanas\/wp-json\/wp\/v2\/types\/page"}],"author":[{"embeddable":true,"href":"https:\/\/dmarkd.com\/manos_cubanas\/wp-json\/wp\/v2\/users\/1"}],"replies":[{"embeddable":true,"href":"https:\/\/dmarkd.com\/manos_cubanas\/wp-json\/wp\/v2\/comments?post=866"}],"version-history":[{"count":4,"href":"https:\/\/dmarkd.com\/manos_cubanas\/wp-json\/wp\/v2\/pages\/866\/revisions"}],"predecessor-version":[{"id":872,"href":"https:\/\/dmarkd.com\/manos_cubanas\/wp-json\/wp\/v2\/pages\/866\/revisions\/872"}],"wp:attachment":[{"href":"https:\/\/dmarkd.com\/manos_cubanas\/wp-json\/wp\/v2\/media?parent=866"}],"curies":[{"name":"wp","href":"https:\/\/api.w.org\/{rel}","templated":true}]}}